{"id":96,"date":"2015-12-22T14:29:55","date_gmt":"2015-12-22T13:29:55","guid":{"rendered":"http:\/\/www.egimer.fr\/?page_id=96"},"modified":"2016-06-15T16:45:53","modified_gmt":"2016-06-15T15:45:53","slug":"engagement-accompagnement","status":"publish","type":"page","link":"https:\/\/www.egimer.fr\/index.php\/engagement-accompagnement\/","title":{"rendered":"Engagement &#8211; Accompagnement"},"content":{"rendered":"<p>[et_pb_section admin_label=\u00a0\u00bbSection\u00a0\u00bb fullwidth=\u00a0\u00bbon\u00a0\u00bb specialty=\u00a0\u00bboff\u00a0\u00bb background_image=\u00a0\u00bbhttp:\/\/www.egimer.fr\/wp-content\/uploads\/2015\/12\/filet-de-peche.jpg\u00a0\u00bb transparent_background=\u00a0\u00bboff\u00a0\u00bb allow_player_pause=\u00a0\u00bboff\u00a0\u00bb inner_shadow=\u00a0\u00bboff\u00a0\u00bb parallax=\u00a0\u00bbon\u00a0\u00bb parallax_method=\u00a0\u00bboff\u00a0\u00bb padding_mobile=\u00a0\u00bboff\u00a0\u00bb make_fullwidth=\u00a0\u00bboff\u00a0\u00bb use_custom_width=\u00a0\u00bboff\u00a0\u00bb width_unit=\u00a0\u00bbon\u00a0\u00bb make_equal=\u00a0\u00bboff\u00a0\u00bb use_custom_gutter=\u00a0\u00bboff\u00a0\u00bb custom_css_main_element=\u00a0\u00bbheight:150px\u00a0\u00bb][\/et_pb_section][et_pb_section admin_label=\u00a0\u00bbSection\u00a0\u00bb fullwidth=\u00a0\u00bboff\u00a0\u00bb specialty=\u00a0\u00bboff\u00a0\u00bb][et_pb_row admin_label=\u00a0\u00bbLigne\u00a0\u00bb][et_pb_column type=\u00a0\u00bb4_4&Prime;][et_pb_text admin_label=\u00a0\u00bbTexte\u00a0\u00bb background_layout=\u00a0\u00bblight\u00a0\u00bb text_orientation=\u00a0\u00bbleft\u00a0\u00bb use_border_color=\u00a0\u00bboff\u00a0\u00bb border_color=\u00a0\u00bb#ffffff\u00a0\u00bb border_style=\u00a0\u00bbsolid\u00a0\u00bb]<\/p>\n<h1>Un accompagnement au c\u0153ur du frais<\/h1>\n<p>[\/et_pb_text][et_pb_text admin_label=\u00a0\u00bbTexte\u00a0\u00bb background_layout=\u00a0\u00bblight\u00a0\u00bb text_orientation=\u00a0\u00bbleft\u00a0\u00bb use_border_color=\u00a0\u00bboff\u00a0\u00bb border_color=\u00a0\u00bb#ffffff\u00a0\u00bb border_style=\u00a0\u00bbsolid\u00a0\u00bb]<\/p>\n<p style=\"text-align: justify;\">Egimer s&rsquo;investie au quotidien pour la<strong> satisfaction de ses clients<\/strong>. Nos collaborateurs ont une parfaite<strong> connaissance des produits<\/strong> pr\u00e9sents dans l&rsquo;entrep\u00f4t ce qui leur permet de vous proposer le produit correspondant le mieux \u00e0 vos besoins. Ainsi, ils vous guident au quotidien sur le choix de vos poissons, fruits de mer et plats \u00e9labor\u00e9s\u00a0et vous apportent un <strong>conseil personnalis\u00e9<\/strong> : grammage, conditionnement, esp\u00e8ce,\u00a0provenance&#8230;<\/p>\n<p style=\"text-align: justify;\">Parce que chaque m\u00e9tier est unique, un<strong> interlocuteur<\/strong> vous est <strong>d\u00e9di\u00e9<\/strong> pour vous apporter un<strong> accompagnement permanent<\/strong>\u00a0dans le choix de vos produits. En veille constante, il vous informe des <strong>tendances du march\u00e9<\/strong> et vous propose les<strong> produits les plus adapt\u00e9s<\/strong>.<\/p>\n<p style=\"text-align: justify;\">Chaque ann\u00e9e, en plus de l&rsquo;\u00e9coute de notre \u00e9quipe, des <strong>enqu\u00eates de satisfaction<\/strong> sont r\u00e9alis\u00e9es afin de toujours <strong>am\u00e9liorer notre qualit\u00e9 de service<\/strong>.<\/p>\n<p>[\/et_pb_text][et_pb_cta admin_label=\u00a0\u00bbAppel d&rsquo;action\u00a0\u00bb url_new_window=\u00a0\u00bboff\u00a0\u00bb button_text=\u00a0\u00bbD\u00e9couvrir notre engagement d&rsquo;approvisionnement\u00a0\u00bb use_background_color=\u00a0\u00bboff\u00a0\u00bb background_color=\u00a0\u00bb#783092&Prime; background_layout=\u00a0\u00bblight\u00a0\u00bb text_orientation=\u00a0\u00bbright\u00a0\u00bb use_border_color=\u00a0\u00bboff\u00a0\u00bb border_color=\u00a0\u00bb#ffffff\u00a0\u00bb border_style=\u00a0\u00bbsolid\u00a0\u00bb custom_button=\u00a0\u00bboff\u00a0\u00bb button_letter_spacing=\u00a0\u00bb0&Prime; button_use_icon=\u00a0\u00bbdefault\u00a0\u00bb button_icon_placement=\u00a0\u00bbright\u00a0\u00bb button_on_hover=\u00a0\u00bbon\u00a0\u00bb button_letter_spacing_hover=\u00a0\u00bb0&Prime; button_url=\u00a0\u00bbhttp:\/\/www.egimer.fr\/index.php\/engagement-approvisionnement\/\u00a0\u00bb] [\/et_pb_cta][\/et_pb_column][\/et_pb_row][\/et_pb_section][et_pb_section admin_label=\u00a0\u00bbSection\u00a0\u00bb fullwidth=\u00a0\u00bbon\u00a0\u00bb specialty=\u00a0\u00bboff\u00a0\u00bb background_image=\u00a0\u00bbhttp:\/\/www.egimer.fr\/wp-content\/uploads\/2015\/12\/filet-de-peche.jpg\u00a0\u00bb transparent_background=\u00a0\u00bboff\u00a0\u00bb allow_player_pause=\u00a0\u00bboff\u00a0\u00bb inner_shadow=\u00a0\u00bboff\u00a0\u00bb parallax=\u00a0\u00bbon\u00a0\u00bb parallax_method=\u00a0\u00bboff\u00a0\u00bb padding_mobile=\u00a0\u00bboff\u00a0\u00bb make_fullwidth=\u00a0\u00bboff\u00a0\u00bb use_custom_width=\u00a0\u00bboff\u00a0\u00bb width_unit=\u00a0\u00bbon\u00a0\u00bb make_equal=\u00a0\u00bboff\u00a0\u00bb use_custom_gutter=\u00a0\u00bboff\u00a0\u00bb custom_css_main_element=\u00a0\u00bbheight:150px\u00a0\u00bb][\/et_pb_section]<\/p>\n","protected":false},"excerpt":{"rendered":"<p>[et_pb_section admin_label=\u00a0\u00bbSection\u00a0\u00bb fullwidth=\u00a0\u00bbon\u00a0\u00bb specialty=\u00a0\u00bboff\u00a0\u00bb background_image=\u00a0\u00bbhttp:\/\/www.egimer.fr\/wp-content\/uploads\/2015\/12\/filet-de-peche.jpg\u00a0\u00bb transparent_background=\u00a0\u00bboff\u00a0\u00bb allow_player_pause=\u00a0\u00bboff\u00a0\u00bb inner_shadow=\u00a0\u00bboff\u00a0\u00bb parallax=\u00a0\u00bbon\u00a0\u00bb parallax_method=\u00a0\u00bboff\u00a0\u00bb padding_mobile=\u00a0\u00bboff\u00a0\u00bb make_fullwidth=\u00a0\u00bboff\u00a0\u00bb use_custom_width=\u00a0\u00bboff\u00a0\u00bb width_unit=\u00a0\u00bbon\u00a0\u00bb make_equal=\u00a0\u00bboff\u00a0\u00bb use_custom_gutter=\u00a0\u00bboff\u00a0\u00bb custom_css_main_element=\u00a0\u00bbheight:150px\u00a0\u00bb][\/et_pb_section][et_pb_section admin_label=\u00a0\u00bbSection\u00a0\u00bb fullwidth=\u00a0\u00bboff\u00a0\u00bb specialty=\u00a0\u00bboff\u00a0\u00bb][et_pb_row admin_label=\u00a0\u00bbLigne\u00a0\u00bb][et_pb_column type=\u00a0\u00bb4_4&Prime;][et_pb_text admin_label=\u00a0\u00bbTexte\u00a0\u00bb background_layout=\u00a0\u00bblight\u00a0\u00bb text_orientation=\u00a0\u00bbleft\u00a0\u00bb use_border_color=\u00a0\u00bboff\u00a0\u00bb border_color=\u00a0\u00bb#ffffff\u00a0\u00bb border_style=\u00a0\u00bbsolid\u00a0\u00bb] Un accompagnement au c\u0153ur du frais [\/et_pb_text][et_pb_text admin_label=\u00a0\u00bbTexte\u00a0\u00bb background_layout=\u00a0\u00bblight\u00a0\u00bb text_orientation=\u00a0\u00bbleft\u00a0\u00bb use_border_color=\u00a0\u00bboff\u00a0\u00bb border_color=\u00a0\u00bb#ffffff\u00a0\u00bb border_style=\u00a0\u00bbsolid\u00a0\u00bb] Egimer s&rsquo;investie au quotidien pour la satisfaction de ses clients. Nos collaborateurs ont une [&hellip;]<\/p>\n","protected":false},"author":1,"featured_media":0,"parent":0,"menu_order":0,"comment_status":"closed","ping_status":"closed","template":"","meta":[],"yoast_head":"<!-- This site is optimized with the Yoast SEO plugin v18.6 - https:\/\/yoast.com\/wordpress\/plugins\/seo\/ -->\n<title>Accompagnement au c\u0153ur du frais | Egimer<\/title>\n<meta name=\"description\" content=\"Chaque jour, Egimer c&#039;est un accompagnement personnalis\u00e9 : saisonnalit\u00e9, mis en oeuvre... des conseils adapt\u00e9s \u00e0 vos besoins pour un produit plus frais !\" \/>\n<meta name=\"robots\" content=\"index, follow, max-snippet:-1, max-image-preview:large, max-video-preview:-1\" \/>\n<link rel=\"canonical\" href=\"https:\/\/www.egimer.fr\/index.php\/engagement-accompagnement\/\" \/>\n<meta property=\"og:locale\" content=\"fr_FR\" \/>\n<meta property=\"og:type\" content=\"article\" \/>\n<meta property=\"og:title\" content=\"Accompagnement au c\u0153ur du frais | Egimer\" \/>\n<meta property=\"og:description\" content=\"Chaque jour, Egimer c&#039;est un accompagnement personnalis\u00e9 : saisonnalit\u00e9, mis en oeuvre... des conseils adapt\u00e9s \u00e0 vos besoins pour un produit plus frais !\" \/>\n<meta property=\"og:url\" content=\"https:\/\/www.egimer.fr\/index.php\/engagement-accompagnement\/\" \/>\n<meta property=\"og:site_name\" content=\"Egimer\" \/>\n<meta property=\"article:modified_time\" content=\"2016-06-15T15:45:53+00:00\" \/>\n<meta name=\"twitter:card\" content=\"summary\" \/>\n<meta name=\"twitter:label1\" content=\"Dur\u00e9e de lecture estim\u00e9e\" \/>\n\t<meta name=\"twitter:data1\" content=\"2 minutes\" \/>\n<script type=\"application\/ld+json\" class=\"yoast-schema-graph\">{\"@context\":\"https:\/\/schema.org\",\"@graph\":[{\"@type\":\"WebSite\",\"@id\":\"https:\/\/www.egimer.fr\/#website\",\"url\":\"https:\/\/www.egimer.fr\/\",\"name\":\"Egimer\",\"description\":\"Au coeur du frais\",\"potentialAction\":[{\"@type\":\"SearchAction\",\"target\":{\"@type\":\"EntryPoint\",\"urlTemplate\":\"https:\/\/www.egimer.fr\/?s={search_term_string}\"},\"query-input\":\"required name=search_term_string\"}],\"inLanguage\":\"fr-FR\"},{\"@type\":\"WebPage\",\"@id\":\"https:\/\/www.egimer.fr\/index.php\/engagement-accompagnement\/#webpage\",\"url\":\"https:\/\/www.egimer.fr\/index.php\/engagement-accompagnement\/\",\"name\":\"Accompagnement au c\u0153ur du frais | Egimer\",\"isPartOf\":{\"@id\":\"https:\/\/www.egimer.fr\/#website\"},\"datePublished\":\"2015-12-22T13:29:55+00:00\",\"dateModified\":\"2016-06-15T15:45:53+00:00\",\"description\":\"Chaque jour, Egimer c'est un accompagnement personnalis\u00e9 : saisonnalit\u00e9, mis en oeuvre... des conseils adapt\u00e9s \u00e0 vos besoins pour un produit plus frais !\",\"breadcrumb\":{\"@id\":\"https:\/\/www.egimer.fr\/index.php\/engagement-accompagnement\/#breadcrumb\"},\"inLanguage\":\"fr-FR\",\"potentialAction\":[{\"@type\":\"ReadAction\",\"target\":[\"https:\/\/www.egimer.fr\/index.php\/engagement-accompagnement\/\"]}]},{\"@type\":\"BreadcrumbList\",\"@id\":\"https:\/\/www.egimer.fr\/index.php\/engagement-accompagnement\/#breadcrumb\",\"itemListElement\":[{\"@type\":\"ListItem\",\"position\":1,\"name\":\"Accueil\",\"item\":\"https:\/\/www.egimer.fr\/\"},{\"@type\":\"ListItem\",\"position\":2,\"name\":\"Engagement &#8211; Accompagnement\"}]}]}<\/script>\n<!-- \/ Yoast SEO plugin. -->","yoast_head_json":{"title":"Accompagnement au c\u0153ur du frais | Egimer","description":"Chaque jour, Egimer c'est un accompagnement personnalis\u00e9 : saisonnalit\u00e9, mis en oeuvre... des conseils adapt\u00e9s \u00e0 vos besoins pour un produit plus frais !","robots":{"index":"index","follow":"follow","max-snippet":"max-snippet:-1","max-image-preview":"max-image-preview:large","max-video-preview":"max-video-preview:-1"},"canonical":"https:\/\/www.egimer.fr\/index.php\/engagement-accompagnement\/","og_locale":"fr_FR","og_type":"article","og_title":"Accompagnement au c\u0153ur du frais | Egimer","og_description":"Chaque jour, Egimer c'est un accompagnement personnalis\u00e9 : saisonnalit\u00e9, mis en oeuvre... des conseils adapt\u00e9s \u00e0 vos besoins pour un produit plus frais !","og_url":"https:\/\/www.egimer.fr\/index.php\/engagement-accompagnement\/","og_site_name":"Egimer","article_modified_time":"2016-06-15T15:45:53+00:00","twitter_card":"summary","twitter_misc":{"Dur\u00e9e de lecture estim\u00e9e":"2 minutes"},"schema":{"@context":"https:\/\/schema.org","@graph":[{"@type":"WebSite","@id":"https:\/\/www.egimer.fr\/#website","url":"https:\/\/www.egimer.fr\/","name":"Egimer","description":"Au coeur du frais","potentialAction":[{"@type":"SearchAction","target":{"@type":"EntryPoint","urlTemplate":"https:\/\/www.egimer.fr\/?s={search_term_string}"},"query-input":"required name=search_term_string"}],"inLanguage":"fr-FR"},{"@type":"WebPage","@id":"https:\/\/www.egimer.fr\/index.php\/engagement-accompagnement\/#webpage","url":"https:\/\/www.egimer.fr\/index.php\/engagement-accompagnement\/","name":"Accompagnement au c\u0153ur du frais | Egimer","isPartOf":{"@id":"https:\/\/www.egimer.fr\/#website"},"datePublished":"2015-12-22T13:29:55+00:00","dateModified":"2016-06-15T15:45:53+00:00","description":"Chaque jour, Egimer c'est un accompagnement personnalis\u00e9 : saisonnalit\u00e9, mis en oeuvre... des conseils adapt\u00e9s \u00e0 vos besoins pour un produit plus frais !","breadcrumb":{"@id":"https:\/\/www.egimer.fr\/index.php\/engagement-accompagnement\/#breadcrumb"},"inLanguage":"fr-FR","potentialAction":[{"@type":"ReadAction","target":["https:\/\/www.egimer.fr\/index.php\/engagement-accompagnement\/"]}]},{"@type":"BreadcrumbList","@id":"https:\/\/www.egimer.fr\/index.php\/engagement-accompagnement\/#breadcrumb","itemListElement":[{"@type":"ListItem","position":1,"name":"Accueil","item":"https:\/\/www.egimer.fr\/"},{"@type":"ListItem","position":2,"name":"Engagement &#8211; Accompagnement"}]}]}},"_links":{"self":[{"href":"https:\/\/www.egimer.fr\/index.php\/wp-json\/wp\/v2\/pages\/96"}],"collection":[{"href":"https:\/\/www.egimer.fr\/index.php\/wp-json\/wp\/v2\/pages"}],"about":[{"href":"https:\/\/www.egimer.fr\/index.php\/wp-json\/wp\/v2\/types\/page"}],"author":[{"embeddable":true,"href":"https:\/\/www.egimer.fr\/index.php\/wp-json\/wp\/v2\/users\/1"}],"replies":[{"embeddable":true,"href":"https:\/\/www.egimer.fr\/index.php\/wp-json\/wp\/v2\/comments?post=96"}],"version-history":[{"count":10,"href":"https:\/\/www.egimer.fr\/index.php\/wp-json\/wp\/v2\/pages\/96\/revisions"}],"predecessor-version":[{"id":341,"href":"https:\/\/www.egimer.fr\/index.php\/wp-json\/wp\/v2\/pages\/96\/revisions\/341"}],"wp:attachment":[{"href":"https:\/\/www.egimer.fr\/index.php\/wp-json\/wp\/v2\/media?parent=96"}],"curies":[{"name":"wp","href":"https:\/\/api.w.org\/{rel}","templated":true}]}}