{"id":70,"date":"2015-12-22T11:01:41","date_gmt":"2015-12-22T10:01:41","guid":{"rendered":"http:\/\/www.egimer.fr\/?page_id=70"},"modified":"2020-04-15T08:20:41","modified_gmt":"2020-04-15T07:20:41","slug":"restauration-commerciale","status":"publish","type":"page","link":"https:\/\/www.egimer.fr\/index.php\/restauration-commerciale\/","title":{"rendered":"Restauration commerciale"},"content":{"rendered":"<p>[et_pb_section admin_label=\u00a0\u00bbSection\u00a0\u00bb fullwidth=\u00a0\u00bbon\u00a0\u00bb specialty=\u00a0\u00bboff\u00a0\u00bb background_image=\u00a0\u00bbhttp:\/\/www.egimer.fr\/wp-content\/uploads\/2015\/12\/Cuisinier.jpg\u00a0\u00bb transparent_background=\u00a0\u00bboff\u00a0\u00bb allow_player_pause=\u00a0\u00bboff\u00a0\u00bb inner_shadow=\u00a0\u00bboff\u00a0\u00bb parallax=\u00a0\u00bbon\u00a0\u00bb parallax_method=\u00a0\u00bboff\u00a0\u00bb padding_mobile=\u00a0\u00bboff\u00a0\u00bb make_fullwidth=\u00a0\u00bboff\u00a0\u00bb use_custom_width=\u00a0\u00bboff\u00a0\u00bb width_unit=\u00a0\u00bbon\u00a0\u00bb make_equal=\u00a0\u00bboff\u00a0\u00bb use_custom_gutter=\u00a0\u00bboff\u00a0\u00bb custom_css_main_element=\u00a0\u00bbheight:150px\u00a0\u00bb][\/et_pb_section][et_pb_section admin_label=\u00a0\u00bbSection\u00a0\u00bb fullwidth=\u00a0\u00bboff\u00a0\u00bb specialty=\u00a0\u00bbon\u00a0\u00bb][et_pb_column type=\u00a0\u00bb3_4&Prime; specialty_columns=\u00a0\u00bb3&Prime;][et_pb_row_inner admin_label=\u00a0\u00bbLigne\u00a0\u00bb][et_pb_column_inner type=\u00a0\u00bb4_4&Prime; saved_specialty_column_type=\u00a0\u00bb3_4&Prime;][et_pb_text admin_label=\u00a0\u00bbTexte\u00a0\u00bb background_layout=\u00a0\u00bblight\u00a0\u00bb text_orientation=\u00a0\u00bbleft\u00a0\u00bb use_border_color=\u00a0\u00bboff\u00a0\u00bb border_color=\u00a0\u00bb#ffffff\u00a0\u00bb border_style=\u00a0\u00bbsolid\u00a0\u00bb]<\/p>\n<h1>La restauration sociale hors domicile (RHD)<\/h1>\n<p>[\/et_pb_text][et_pb_text admin_label=\u00a0\u00bbTexte\u00a0\u00bb background_layout=\u00a0\u00bblight\u00a0\u00bb text_orientation=\u00a0\u00bbleft\u00a0\u00bb use_border_color=\u00a0\u00bboff\u00a0\u00bb border_color=\u00a0\u00bb#ffffff\u00a0\u00bb border_style=\u00a0\u00bbsolid\u00a0\u00bb]<\/p>\n<p>Nous disposons d&rsquo;une<strong> gamme compl\u00e8te<\/strong> adapt\u00e9e \u00e0 la saisonnalit\u00e9 :<\/p>\n<ul>\n<li><strong>Produits de la mer frais<\/strong> : poissons, coquillages et crustac\u00e9s<\/li>\n<li><strong>Produits \u00e9labor\u00e9s<\/strong><\/li>\n<\/ul>\n<p>Nous adaptons les produits selon vos besoins : d\u00e9sar\u00eat\u00e9, portionn\u00e9.<\/p>\n<p>[\/et_pb_text][\/et_pb_column_inner][\/et_pb_row_inner][et_pb_row_inner admin_label=\u00a0\u00bbLigne\u00a0\u00bb][et_pb_column_inner type=\u00a0\u00bb1_3&Prime; saved_specialty_column_type=\u00a0\u00bb3_4&Prime;][et_pb_blurb admin_label=\u00a0\u00bbR\u00e9sum\u00e9\u00a0\u00bb url_new_window=\u00a0\u00bboff\u00a0\u00bb use_icon=\u00a0\u00bbon\u00a0\u00bb font_icon=\u00a0\u00bb%%259%%\u00a0\u00bb icon_color=\u00a0\u00bb#00bef3&Prime; use_circle=\u00a0\u00bboff\u00a0\u00bb circle_color=\u00a0\u00bb#783092&Prime; use_circle_border=\u00a0\u00bboff\u00a0\u00bb circle_border_color=\u00a0\u00bb#783092&Prime; icon_placement=\u00a0\u00bbtop\u00a0\u00bb animation=\u00a0\u00bboff\u00a0\u00bb background_layout=\u00a0\u00bblight\u00a0\u00bb text_orientation=\u00a0\u00bbleft\u00a0\u00bb use_icon_font_size=\u00a0\u00bboff\u00a0\u00bb use_border_color=\u00a0\u00bboff\u00a0\u00bb border_color=\u00a0\u00bb#ffffff\u00a0\u00bb border_style=\u00a0\u00bbsolid\u00a0\u00bb]<\/p>\n<p style=\"text-align: center;\"><strong>Une \u00e9quipe \u00e0 votre \u00e9coute pour vous apporter un conseil personnalis\u00e9.<\/strong><\/p>\n<p>[\/et_pb_blurb][\/et_pb_column_inner][et_pb_column_inner type=\u00a0\u00bb1_3&Prime; saved_specialty_column_type=\u00a0\u00bb3_4&Prime;][et_pb_blurb admin_label=\u00a0\u00bbR\u00e9sum\u00e9\u00a0\u00bb url=\u00a0\u00bbhttp:\/\/www.bonnepeche.fr\u00a0\u00bb url_new_window=\u00a0\u00bbon\u00a0\u00bb use_icon=\u00a0\u00bbon\u00a0\u00bb font_icon=\u00a0\u00bb%%128%%\u00a0\u00bb icon_color=\u00a0\u00bb#00bef3&Prime; use_circle=\u00a0\u00bboff\u00a0\u00bb circle_color=\u00a0\u00bb#783092&Prime; use_circle_border=\u00a0\u00bboff\u00a0\u00bb circle_border_color=\u00a0\u00bb#783092&Prime; icon_placement=\u00a0\u00bbtop\u00a0\u00bb animation=\u00a0\u00bboff\u00a0\u00bb background_layout=\u00a0\u00bblight\u00a0\u00bb text_orientation=\u00a0\u00bbleft\u00a0\u00bb use_icon_font_size=\u00a0\u00bboff\u00a0\u00bb use_border_color=\u00a0\u00bboff\u00a0\u00bb border_color=\u00a0\u00bb#ffffff\u00a0\u00bb border_style=\u00a0\u00bbsolid\u00a0\u00bb]<\/p>\n<p style=\"text-align: center;\"><strong>Des conseils sur la saisonnalit\u00e9 pour\u00a0valoriser<\/strong><strong>\u00a0la\u00a0p\u00eache fran\u00e7aise\u00a0aupr\u00e8s de vos convives.<\/strong><\/p>\n<p>[\/et_pb_blurb][\/et_pb_column_inner][et_pb_column_inner type=\u00a0\u00bb1_3&Prime; saved_specialty_column_type=\u00a0\u00bb3_4&Prime;][et_pb_blurb admin_label=\u00a0\u00bbR\u00e9sum\u00e9\u00a0\u00bb url_new_window=\u00a0\u00bboff\u00a0\u00bb use_icon=\u00a0\u00bbon\u00a0\u00bb font_icon=\u00a0\u00bb%%227%%\u00a0\u00bb icon_color=\u00a0\u00bb#00bef3&Prime; use_circle=\u00a0\u00bboff\u00a0\u00bb circle_color=\u00a0\u00bb#783092&Prime; use_circle_border=\u00a0\u00bboff\u00a0\u00bb circle_border_color=\u00a0\u00bb#783092&Prime; icon_placement=\u00a0\u00bbtop\u00a0\u00bb animation=\u00a0\u00bboff\u00a0\u00bb background_layout=\u00a0\u00bblight\u00a0\u00bb text_orientation=\u00a0\u00bbleft\u00a0\u00bb use_icon_font_size=\u00a0\u00bboff\u00a0\u00bb use_border_color=\u00a0\u00bboff\u00a0\u00bb border_color=\u00a0\u00bb#ffffff\u00a0\u00bb border_style=\u00a0\u00bbsolid\u00a0\u00bb]<\/p>\n<p style=\"text-align: center;\"><strong>Une livraison 6 jours sur 7 en fonction de vos imp\u00e9ratifs horaires.<\/strong><\/p>\n<p>[\/et_pb_blurb][\/et_pb_column_inner][\/et_pb_row_inner][\/et_pb_column][et_pb_column type=\u00a0\u00bb1_4&Prime;][et_pb_text admin_label=\u00a0\u00bbTexte\u00a0\u00bb background_layout=\u00a0\u00bbdark\u00a0\u00bb text_orientation=\u00a0\u00bbleft\u00a0\u00bb background_color=\u00a0\u00bb#783092&Prime; use_border_color=\u00a0\u00bbon\u00a0\u00bb border_color=\u00a0\u00bb#783092&Prime; border_width=\u00a0\u00bb14px\u00a0\u00bb border_style=\u00a0\u00bbsolid\u00a0\u00bb custom_padding=\u00a0\u00bb10px|15px|10px|15px\u00a0\u00bb]<\/p>\n<p><strong>D\u00e9couvrez la saisonnalit\u00e9 des produits de la mer :<\/strong><\/p>\n<p><a href=\"http:\/\/www.calameo.com\/read\/0046139433b1920705f2d\" target=\"_blank\"><img loading=\"lazy\" class=\"size-medium wp-image-73 aligncenter\" src=\"http:\/\/www.egimer.fr\/wp-content\/uploads\/2015\/12\/1016-Egimer-Calendrier-Egimer-Perigny-300x192.jpg\" alt=\"1016-Egimer-Calendrier Egimer Perigny\" width=\"300\" height=\"192\" srcset=\"https:\/\/www.egimer.fr\/wp-content\/uploads\/2015\/12\/1016-Egimer-Calendrier-Egimer-Perigny-300x192.jpg 300w, https:\/\/www.egimer.fr\/wp-content\/uploads\/2015\/12\/1016-Egimer-Calendrier-Egimer-Perigny-1024x657.jpg 1024w, https:\/\/www.egimer.fr\/wp-content\/uploads\/2015\/12\/1016-Egimer-Calendrier-Egimer-Perigny-1080x693.jpg 1080w, https:\/\/www.egimer.fr\/wp-content\/uploads\/2015\/12\/1016-Egimer-Calendrier-Egimer-Perigny.jpg 1900w\" sizes=\"(max-width: 300px) 100vw, 300px\" \/><\/a><\/p>\n<p><strong>Pour plus d&rsquo;informations, nos \u00e9quipes se tiennent \u00e0 votre disposition <\/strong><strong>au\u00a002.48.27.23.60<\/strong><\/p>\n<p><strong>Vous pouvez \u00e9galement les contacter via le <span style=\"text-decoration: underline;\"><span style=\"color: #ffffff;\"><a style=\"color: #ffffff; text-decoration: underline;\" href=\"http:\/\/www.egimer.fr\/index.php\/formulaire-de-contact-rc\/\">formulaire d\u00e9di\u00e9<\/a><\/span><\/span>.<\/strong><\/p>\n<p>[\/et_pb_text][\/et_pb_column][\/et_pb_section][et_pb_section admin_label=\u00a0\u00bbSection\u00a0\u00bb fullwidth=\u00a0\u00bboff\u00a0\u00bb specialty=\u00a0\u00bboff\u00a0\u00bb][et_pb_row admin_label=\u00a0\u00bbLigne\u00a0\u00bb][et_pb_column type=\u00a0\u00bb4_4&Prime;][et_pb_text admin_label=\u00a0\u00bbTexte\u00a0\u00bb background_layout=\u00a0\u00bblight\u00a0\u00bb text_orientation=\u00a0\u00bbleft\u00a0\u00bb use_border_color=\u00a0\u00bboff\u00a0\u00bb border_color=\u00a0\u00bb#ffffff\u00a0\u00bb border_style=\u00a0\u00bbsolid\u00a0\u00bb]<\/p>\n<h2>ENSEMBLE, SOUTENONS DURABLEMENT LA P\u00caCHE FRAN\u00c7AISE !<\/h2>\n<p>D\u00e9couvrez notre d\u00e9marche Bonne P\u00eache en cliquant sur l&rsquo;image ci-dessous.<\/p>\n<p>[\/et_pb_text][et_pb_image admin_label=\u00a0\u00bbImage\u00a0\u00bb src=\u00a0\u00bbhttp:\/\/www.egimer.fr\/wp-content\/uploads\/2015\/12\/bonne_peche.png\u00a0\u00bb alt=\u00a0\u00bbD\u00e9marche Bonne P\u00eache &#8211; Soutien de la P\u00eache Fran\u00e7aise\u00a0\u00bb title_text=\u00a0\u00bbD\u00e9marche Bonne P\u00eache &#8211; Soutien de la P\u00eache Fran\u00e7aise\u00a0\u00bb show_in_lightbox=\u00a0\u00bboff\u00a0\u00bb url=\u00a0\u00bbhttp:\/\/www.bonnepeche.fr\u00a0\u00bb url_new_window=\u00a0\u00bbon\u00a0\u00bb animation=\u00a0\u00bboff\u00a0\u00bb sticky=\u00a0\u00bboff\u00a0\u00bb align=\u00a0\u00bbcenter\u00a0\u00bb force_fullwidth=\u00a0\u00bboff\u00a0\u00bb always_center_on_mobile=\u00a0\u00bbon\u00a0\u00bb use_border_color=\u00a0\u00bboff\u00a0\u00bb border_color=\u00a0\u00bb#ffffff\u00a0\u00bb border_style=\u00a0\u00bbsolid\u00a0\u00bb] [\/et_pb_image][et_pb_divider admin_label=\u00a0\u00bbS\u00e9parateur\u00a0\u00bb color=\u00a0\u00bb#ffffff\u00a0\u00bb show_divider=\u00a0\u00bboff\u00a0\u00bb height=\u00a0\u00bb10&Prime; divider_style=\u00a0\u00bbsolid\u00a0\u00bb divider_position=\u00a0\u00bbtop\u00a0\u00bb hide_on_mobile=\u00a0\u00bbon\u00a0\u00bb] [\/et_pb_divider][\/et_pb_column][\/et_pb_row][\/et_pb_section][et_pb_section admin_label=\u00a0\u00bbSection\u00a0\u00bb fullwidth=\u00a0\u00bbon\u00a0\u00bb specialty=\u00a0\u00bboff\u00a0\u00bb background_image=\u00a0\u00bbhttp:\/\/www.egimer.fr\/wp-content\/uploads\/2015\/12\/Cuisinier.jpg\u00a0\u00bb transparent_background=\u00a0\u00bboff\u00a0\u00bb allow_player_pause=\u00a0\u00bboff\u00a0\u00bb inner_shadow=\u00a0\u00bboff\u00a0\u00bb parallax=\u00a0\u00bbon\u00a0\u00bb parallax_method=\u00a0\u00bboff\u00a0\u00bb padding_mobile=\u00a0\u00bboff\u00a0\u00bb make_fullwidth=\u00a0\u00bboff\u00a0\u00bb use_custom_width=\u00a0\u00bboff\u00a0\u00bb width_unit=\u00a0\u00bbon\u00a0\u00bb make_equal=\u00a0\u00bboff\u00a0\u00bb use_custom_gutter=\u00a0\u00bboff\u00a0\u00bb custom_css_main_element=\u00a0\u00bbheight:150px\u00a0\u00bb][\/et_pb_section]<\/p>\n","protected":false},"excerpt":{"rendered":"<p>[et_pb_section admin_label=\u00a0\u00bbSection\u00a0\u00bb fullwidth=\u00a0\u00bbon\u00a0\u00bb specialty=\u00a0\u00bboff\u00a0\u00bb background_image=\u00a0\u00bbhttp:\/\/www.egimer.fr\/wp-content\/uploads\/2015\/12\/Cuisinier.jpg\u00a0\u00bb transparent_background=\u00a0\u00bboff\u00a0\u00bb allow_player_pause=\u00a0\u00bboff\u00a0\u00bb inner_shadow=\u00a0\u00bboff\u00a0\u00bb parallax=\u00a0\u00bbon\u00a0\u00bb parallax_method=\u00a0\u00bboff\u00a0\u00bb padding_mobile=\u00a0\u00bboff\u00a0\u00bb make_fullwidth=\u00a0\u00bboff\u00a0\u00bb use_custom_width=\u00a0\u00bboff\u00a0\u00bb width_unit=\u00a0\u00bbon\u00a0\u00bb make_equal=\u00a0\u00bboff\u00a0\u00bb use_custom_gutter=\u00a0\u00bboff\u00a0\u00bb custom_css_main_element=\u00a0\u00bbheight:150px\u00a0\u00bb][\/et_pb_section][et_pb_section admin_label=\u00a0\u00bbSection\u00a0\u00bb fullwidth=\u00a0\u00bboff\u00a0\u00bb specialty=\u00a0\u00bbon\u00a0\u00bb][et_pb_column type=\u00a0\u00bb3_4&Prime; specialty_columns=\u00a0\u00bb3&Prime;][et_pb_row_inner admin_label=\u00a0\u00bbLigne\u00a0\u00bb][et_pb_column_inner type=\u00a0\u00bb4_4&Prime; saved_specialty_column_type=\u00a0\u00bb3_4&Prime;][et_pb_text admin_label=\u00a0\u00bbTexte\u00a0\u00bb background_layout=\u00a0\u00bblight\u00a0\u00bb text_orientation=\u00a0\u00bbleft\u00a0\u00bb use_border_color=\u00a0\u00bboff\u00a0\u00bb border_color=\u00a0\u00bb#ffffff\u00a0\u00bb border_style=\u00a0\u00bbsolid\u00a0\u00bb] La restauration sociale hors domicile (RHD) [\/et_pb_text][et_pb_text admin_label=\u00a0\u00bbTexte\u00a0\u00bb background_layout=\u00a0\u00bblight\u00a0\u00bb text_orientation=\u00a0\u00bbleft\u00a0\u00bb use_border_color=\u00a0\u00bboff\u00a0\u00bb border_color=\u00a0\u00bb#ffffff\u00a0\u00bb border_style=\u00a0\u00bbsolid\u00a0\u00bb] Nous disposons d&rsquo;une gamme compl\u00e8te adapt\u00e9e \u00e0 la saisonnalit\u00e9 : Produits [&hellip;]<\/p>\n","protected":false},"author":1,"featured_media":0,"parent":0,"menu_order":0,"comment_status":"closed","ping_status":"closed","template":"","meta":[],"yoast_head":"<!-- This site is optimized with the Yoast SEO plugin v18.6 - https:\/\/yoast.com\/wordpress\/plugins\/seo\/ -->\n<title>Offre restauration commerciale | Egimer - Au coeur du frais<\/title>\n<meta name=\"description\" content=\"D\u00e9couvrez l&#039;offre d&#039;Egimer sp\u00e9cialiste de l&#039;approvisionnement de la restauration commerciale en produits de la mer frais et \u00e9labor\u00e9s (poissons et crustac\u00e9s)\" \/>\n<meta name=\"robots\" content=\"index, follow, max-snippet:-1, max-image-preview:large, max-video-preview:-1\" \/>\n<link rel=\"canonical\" href=\"https:\/\/www.egimer.fr\/index.php\/restauration-commerciale\/\" \/>\n<meta property=\"og:locale\" content=\"fr_FR\" \/>\n<meta property=\"og:type\" content=\"article\" \/>\n<meta property=\"og:title\" content=\"Offre restauration commerciale | Egimer - Au coeur du frais\" \/>\n<meta property=\"og:description\" content=\"D\u00e9couvrez l&#039;offre d&#039;Egimer sp\u00e9cialiste de l&#039;approvisionnement de la restauration commerciale en produits de la mer frais et \u00e9labor\u00e9s (poissons et crustac\u00e9s)\" \/>\n<meta property=\"og:url\" content=\"https:\/\/www.egimer.fr\/index.php\/restauration-commerciale\/\" \/>\n<meta property=\"og:site_name\" content=\"Egimer\" \/>\n<meta property=\"article:modified_time\" content=\"2020-04-15T07:20:41+00:00\" \/>\n<meta property=\"og:image\" content=\"http:\/\/www.egimer.fr\/wp-content\/uploads\/2015\/12\/1016-Egimer-Calendrier-Egimer-Perigny-300x192.jpg\" \/>\n<meta name=\"twitter:card\" content=\"summary\" \/>\n<meta name=\"twitter:label1\" content=\"Dur\u00e9e de lecture estim\u00e9e\" \/>\n\t<meta name=\"twitter:data1\" content=\"4 minutes\" \/>\n<script type=\"application\/ld+json\" class=\"yoast-schema-graph\">{\"@context\":\"https:\/\/schema.org\",\"@graph\":[{\"@type\":\"WebSite\",\"@id\":\"https:\/\/www.egimer.fr\/#website\",\"url\":\"https:\/\/www.egimer.fr\/\",\"name\":\"Egimer\",\"description\":\"Au coeur du frais\",\"potentialAction\":[{\"@type\":\"SearchAction\",\"target\":{\"@type\":\"EntryPoint\",\"urlTemplate\":\"https:\/\/www.egimer.fr\/?s={search_term_string}\"},\"query-input\":\"required name=search_term_string\"}],\"inLanguage\":\"fr-FR\"},{\"@type\":\"ImageObject\",\"@id\":\"https:\/\/www.egimer.fr\/index.php\/restauration-commerciale\/#primaryimage\",\"inLanguage\":\"fr-FR\",\"url\":\"https:\/\/www.egimer.fr\/wp-content\/uploads\/2015\/12\/1016-Egimer-Calendrier-Egimer-Perigny.jpg\",\"contentUrl\":\"https:\/\/www.egimer.fr\/wp-content\/uploads\/2015\/12\/1016-Egimer-Calendrier-Egimer-Perigny.jpg\",\"width\":1900,\"height\":1219},{\"@type\":\"WebPage\",\"@id\":\"https:\/\/www.egimer.fr\/index.php\/restauration-commerciale\/#webpage\",\"url\":\"https:\/\/www.egimer.fr\/index.php\/restauration-commerciale\/\",\"name\":\"Offre restauration commerciale | Egimer - Au coeur du frais\",\"isPartOf\":{\"@id\":\"https:\/\/www.egimer.fr\/#website\"},\"primaryImageOfPage\":{\"@id\":\"https:\/\/www.egimer.fr\/index.php\/restauration-commerciale\/#primaryimage\"},\"datePublished\":\"2015-12-22T10:01:41+00:00\",\"dateModified\":\"2020-04-15T07:20:41+00:00\",\"description\":\"D\u00e9couvrez l'offre d'Egimer sp\u00e9cialiste de l'approvisionnement de la restauration commerciale en produits de la mer frais et \u00e9labor\u00e9s (poissons et crustac\u00e9s)\",\"breadcrumb\":{\"@id\":\"https:\/\/www.egimer.fr\/index.php\/restauration-commerciale\/#breadcrumb\"},\"inLanguage\":\"fr-FR\",\"potentialAction\":[{\"@type\":\"ReadAction\",\"target\":[\"https:\/\/www.egimer.fr\/index.php\/restauration-commerciale\/\"]}]},{\"@type\":\"BreadcrumbList\",\"@id\":\"https:\/\/www.egimer.fr\/index.php\/restauration-commerciale\/#breadcrumb\",\"itemListElement\":[{\"@type\":\"ListItem\",\"position\":1,\"name\":\"Accueil\",\"item\":\"https:\/\/www.egimer.fr\/\"},{\"@type\":\"ListItem\",\"position\":2,\"name\":\"Restauration commerciale\"}]}]}<\/script>\n<!-- \/ Yoast SEO plugin. -->","yoast_head_json":{"title":"Offre restauration commerciale | Egimer - Au coeur du frais","description":"D\u00e9couvrez l'offre d'Egimer sp\u00e9cialiste de l'approvisionnement de la restauration commerciale en produits de la mer frais et \u00e9labor\u00e9s (poissons et crustac\u00e9s)","robots":{"index":"index","follow":"follow","max-snippet":"max-snippet:-1","max-image-preview":"max-image-preview:large","max-video-preview":"max-video-preview:-1"},"canonical":"https:\/\/www.egimer.fr\/index.php\/restauration-commerciale\/","og_locale":"fr_FR","og_type":"article","og_title":"Offre restauration commerciale | Egimer - Au coeur du frais","og_description":"D\u00e9couvrez l'offre d'Egimer sp\u00e9cialiste de l'approvisionnement de la restauration commerciale en produits de la mer frais et \u00e9labor\u00e9s (poissons et crustac\u00e9s)","og_url":"https:\/\/www.egimer.fr\/index.php\/restauration-commerciale\/","og_site_name":"Egimer","article_modified_time":"2020-04-15T07:20:41+00:00","og_image":[{"url":"http:\/\/www.egimer.fr\/wp-content\/uploads\/2015\/12\/1016-Egimer-Calendrier-Egimer-Perigny-300x192.jpg"}],"twitter_card":"summary","twitter_misc":{"Dur\u00e9e de lecture estim\u00e9e":"4 minutes"},"schema":{"@context":"https:\/\/schema.org","@graph":[{"@type":"WebSite","@id":"https:\/\/www.egimer.fr\/#website","url":"https:\/\/www.egimer.fr\/","name":"Egimer","description":"Au coeur du frais","potentialAction":[{"@type":"SearchAction","target":{"@type":"EntryPoint","urlTemplate":"https:\/\/www.egimer.fr\/?s={search_term_string}"},"query-input":"required name=search_term_string"}],"inLanguage":"fr-FR"},{"@type":"ImageObject","@id":"https:\/\/www.egimer.fr\/index.php\/restauration-commerciale\/#primaryimage","inLanguage":"fr-FR","url":"https:\/\/www.egimer.fr\/wp-content\/uploads\/2015\/12\/1016-Egimer-Calendrier-Egimer-Perigny.jpg","contentUrl":"https:\/\/www.egimer.fr\/wp-content\/uploads\/2015\/12\/1016-Egimer-Calendrier-Egimer-Perigny.jpg","width":1900,"height":1219},{"@type":"WebPage","@id":"https:\/\/www.egimer.fr\/index.php\/restauration-commerciale\/#webpage","url":"https:\/\/www.egimer.fr\/index.php\/restauration-commerciale\/","name":"Offre restauration commerciale | Egimer - Au coeur du frais","isPartOf":{"@id":"https:\/\/www.egimer.fr\/#website"},"primaryImageOfPage":{"@id":"https:\/\/www.egimer.fr\/index.php\/restauration-commerciale\/#primaryimage"},"datePublished":"2015-12-22T10:01:41+00:00","dateModified":"2020-04-15T07:20:41+00:00","description":"D\u00e9couvrez l'offre d'Egimer sp\u00e9cialiste de l'approvisionnement de la restauration commerciale en produits de la mer frais et \u00e9labor\u00e9s (poissons et crustac\u00e9s)","breadcrumb":{"@id":"https:\/\/www.egimer.fr\/index.php\/restauration-commerciale\/#breadcrumb"},"inLanguage":"fr-FR","potentialAction":[{"@type":"ReadAction","target":["https:\/\/www.egimer.fr\/index.php\/restauration-commerciale\/"]}]},{"@type":"BreadcrumbList","@id":"https:\/\/www.egimer.fr\/index.php\/restauration-commerciale\/#breadcrumb","itemListElement":[{"@type":"ListItem","position":1,"name":"Accueil","item":"https:\/\/www.egimer.fr\/"},{"@type":"ListItem","position":2,"name":"Restauration commerciale"}]}]}},"_links":{"self":[{"href":"https:\/\/www.egimer.fr\/index.php\/wp-json\/wp\/v2\/pages\/70"}],"collection":[{"href":"https:\/\/www.egimer.fr\/index.php\/wp-json\/wp\/v2\/pages"}],"about":[{"href":"https:\/\/www.egimer.fr\/index.php\/wp-json\/wp\/v2\/types\/page"}],"author":[{"embeddable":true,"href":"https:\/\/www.egimer.fr\/index.php\/wp-json\/wp\/v2\/users\/1"}],"replies":[{"embeddable":true,"href":"https:\/\/www.egimer.fr\/index.php\/wp-json\/wp\/v2\/comments?post=70"}],"version-history":[{"count":15,"href":"https:\/\/www.egimer.fr\/index.php\/wp-json\/wp\/v2\/pages\/70\/revisions"}],"predecessor-version":[{"id":434,"href":"https:\/\/www.egimer.fr\/index.php\/wp-json\/wp\/v2\/pages\/70\/revisions\/434"}],"wp:attachment":[{"href":"https:\/\/www.egimer.fr\/index.php\/wp-json\/wp\/v2\/media?parent=70"}],"curies":[{"name":"wp","href":"https:\/\/api.w.org\/{rel}","templated":true}]}}