{"id":56,"date":"2015-12-22T10:15:48","date_gmt":"2015-12-22T09:15:48","guid":{"rendered":"http:\/\/www.egimer.fr\/?page_id=56"},"modified":"2020-04-15T08:21:40","modified_gmt":"2020-04-15T07:21:40","slug":"rhd-restauration-sociale-hors-domicile","status":"publish","type":"page","link":"https:\/\/www.egimer.fr\/index.php\/rhd-restauration-sociale-hors-domicile\/","title":{"rendered":"Offre restauration sociale hors domicile"},"content":{"rendered":"<p>[et_pb_section admin_label=\u00a0\u00bbSection\u00a0\u00bb fullwidth=\u00a0\u00bbon\u00a0\u00bb specialty=\u00a0\u00bboff\u00a0\u00bb background_image=\u00a0\u00bbhttp:\/\/www.egimer.fr\/wp-content\/uploads\/2015\/12\/Cuisinier.jpg\u00a0\u00bb transparent_background=\u00a0\u00bboff\u00a0\u00bb allow_player_pause=\u00a0\u00bboff\u00a0\u00bb inner_shadow=\u00a0\u00bboff\u00a0\u00bb parallax=\u00a0\u00bbon\u00a0\u00bb parallax_method=\u00a0\u00bboff\u00a0\u00bb padding_mobile=\u00a0\u00bboff\u00a0\u00bb make_fullwidth=\u00a0\u00bboff\u00a0\u00bb use_custom_width=\u00a0\u00bboff\u00a0\u00bb width_unit=\u00a0\u00bbon\u00a0\u00bb make_equal=\u00a0\u00bboff\u00a0\u00bb use_custom_gutter=\u00a0\u00bboff\u00a0\u00bb custom_css_main_element=\u00a0\u00bbheight:150px\u00a0\u00bb][\/et_pb_section][et_pb_section admin_label=\u00a0\u00bbSection\u00a0\u00bb fullwidth=\u00a0\u00bboff\u00a0\u00bb specialty=\u00a0\u00bbon\u00a0\u00bb][et_pb_column type=\u00a0\u00bb3_4&Prime; specialty_columns=\u00a0\u00bb3&Prime;][et_pb_row_inner admin_label=\u00a0\u00bbLigne\u00a0\u00bb][et_pb_column_inner type=\u00a0\u00bb4_4&Prime; saved_specialty_column_type=\u00a0\u00bb3_4&Prime;][et_pb_text admin_label=\u00a0\u00bbTexte\u00a0\u00bb background_layout=\u00a0\u00bblight\u00a0\u00bb text_orientation=\u00a0\u00bbleft\u00a0\u00bb use_border_color=\u00a0\u00bboff\u00a0\u00bb border_color=\u00a0\u00bb#ffffff\u00a0\u00bb border_style=\u00a0\u00bbsolid\u00a0\u00bb]<\/p>\n<h1>La restauration sociale hors domicile (RHD)<\/h1>\n<p>[\/et_pb_text][et_pb_text admin_label=\u00a0\u00bbTexte\u00a0\u00bb background_layout=\u00a0\u00bblight\u00a0\u00bb text_orientation=\u00a0\u00bbleft\u00a0\u00bb use_border_color=\u00a0\u00bboff\u00a0\u00bb border_color=\u00a0\u00bb#ffffff\u00a0\u00bb border_style=\u00a0\u00bbsolid\u00a0\u00bb]<\/p>\n<p>Nous disposons d&rsquo;une<strong> gamme compl\u00e8te<\/strong> adapt\u00e9e \u00e0 la saisonnalit\u00e9 :<\/p>\n<ul>\n<li><strong>Produits de la mer frais<\/strong> : poissons, coquillages et crustac\u00e9s<\/li>\n<li><strong>Produits \u00e9labor\u00e9s<\/strong><\/li>\n<\/ul>\n<p>Nous adaptons les produits selon vos besoins : d\u00e9sar\u00eat\u00e9, portionn\u00e9.<\/p>\n<p>[\/et_pb_text][\/et_pb_column_inner][\/et_pb_row_inner][et_pb_row_inner admin_label=\u00a0\u00bbLigne\u00a0\u00bb][et_pb_column_inner type=\u00a0\u00bb1_3&Prime; saved_specialty_column_type=\u00a0\u00bb3_4&Prime;][et_pb_blurb admin_label=\u00a0\u00bbR\u00e9sum\u00e9\u00a0\u00bb url_new_window=\u00a0\u00bboff\u00a0\u00bb use_icon=\u00a0\u00bbon\u00a0\u00bb font_icon=\u00a0\u00bb%%259%%\u00a0\u00bb icon_color=\u00a0\u00bb#00bef3&Prime; use_circle=\u00a0\u00bboff\u00a0\u00bb circle_color=\u00a0\u00bb#783092&Prime; use_circle_border=\u00a0\u00bboff\u00a0\u00bb circle_border_color=\u00a0\u00bb#783092&Prime; icon_placement=\u00a0\u00bbtop\u00a0\u00bb animation=\u00a0\u00bboff\u00a0\u00bb background_layout=\u00a0\u00bblight\u00a0\u00bb text_orientation=\u00a0\u00bbleft\u00a0\u00bb use_icon_font_size=\u00a0\u00bboff\u00a0\u00bb use_border_color=\u00a0\u00bboff\u00a0\u00bb border_color=\u00a0\u00bb#ffffff\u00a0\u00bb border_style=\u00a0\u00bbsolid\u00a0\u00bb]<\/p>\n<p style=\"text-align: center;\"><strong>Une \u00e9quipe \u00e0 votre \u00e9coute pour vous apporter un conseil personnalis\u00e9.<\/strong><\/p>\n<p>[\/et_pb_blurb][\/et_pb_column_inner][et_pb_column_inner type=\u00a0\u00bb1_3&Prime; saved_specialty_column_type=\u00a0\u00bb3_4&Prime;][et_pb_blurb admin_label=\u00a0\u00bbR\u00e9sum\u00e9\u00a0\u00bb url=\u00a0\u00bbhttp:\/\/www.bonnepeche.fr\u00a0\u00bb url_new_window=\u00a0\u00bbon\u00a0\u00bb use_icon=\u00a0\u00bbon\u00a0\u00bb font_icon=\u00a0\u00bb%%111%%\u00a0\u00bb icon_color=\u00a0\u00bb#00bef3&Prime; use_circle=\u00a0\u00bboff\u00a0\u00bb circle_color=\u00a0\u00bb#783092&Prime; use_circle_border=\u00a0\u00bboff\u00a0\u00bb circle_border_color=\u00a0\u00bb#783092&Prime; icon_placement=\u00a0\u00bbtop\u00a0\u00bb animation=\u00a0\u00bboff\u00a0\u00bb background_layout=\u00a0\u00bblight\u00a0\u00bb text_orientation=\u00a0\u00bbleft\u00a0\u00bb use_icon_font_size=\u00a0\u00bboff\u00a0\u00bb use_border_color=\u00a0\u00bboff\u00a0\u00bb border_color=\u00a0\u00bb#ffffff\u00a0\u00bb border_style=\u00a0\u00bbsolid\u00a0\u00bb]<\/p>\n<p style=\"text-align: center;\"><strong>Une d\u00e9marche pour valoriser\u00a0la\u00a0p\u00eache fran\u00e7aise\u00a0aupr\u00e8s de vos convives.<\/strong><\/p>\n<p>[\/et_pb_blurb][\/et_pb_column_inner][et_pb_column_inner type=\u00a0\u00bb1_3&Prime; saved_specialty_column_type=\u00a0\u00bb3_4&Prime;][et_pb_blurb admin_label=\u00a0\u00bbR\u00e9sum\u00e9\u00a0\u00bb url_new_window=\u00a0\u00bboff\u00a0\u00bb use_icon=\u00a0\u00bbon\u00a0\u00bb font_icon=\u00a0\u00bb%%251%%\u00a0\u00bb icon_color=\u00a0\u00bb#00bef3&Prime; use_circle=\u00a0\u00bboff\u00a0\u00bb circle_color=\u00a0\u00bb#783092&Prime; use_circle_border=\u00a0\u00bboff\u00a0\u00bb circle_border_color=\u00a0\u00bb#783092&Prime; icon_placement=\u00a0\u00bbtop\u00a0\u00bb animation=\u00a0\u00bboff\u00a0\u00bb background_layout=\u00a0\u00bblight\u00a0\u00bb text_orientation=\u00a0\u00bbleft\u00a0\u00bb use_icon_font_size=\u00a0\u00bboff\u00a0\u00bb use_border_color=\u00a0\u00bboff\u00a0\u00bb border_color=\u00a0\u00bb#ffffff\u00a0\u00bb border_style=\u00a0\u00bbsolid\u00a0\u00bb]<\/p>\n<p style=\"text-align: center;\"><strong>Des animations en coh\u00e9rence avec le GEMRCN pour mettre en valeur\u00a0vos menus.<\/strong><\/p>\n<p>[\/et_pb_blurb][\/et_pb_column_inner][\/et_pb_row_inner][et_pb_row_inner admin_label=\u00a0\u00bbLigne\u00a0\u00bb][et_pb_column_inner type=\u00a0\u00bb4_4&Prime; saved_specialty_column_type=\u00a0\u00bb3_4&Prime;][et_pb_text admin_label=\u00a0\u00bbTexte\u00a0\u00bb background_layout=\u00a0\u00bblight\u00a0\u00bb text_orientation=\u00a0\u00bbleft\u00a0\u00bb use_border_color=\u00a0\u00bboff\u00a0\u00bb border_color=\u00a0\u00bb#ffffff\u00a0\u00bb border_style=\u00a0\u00bbsolid\u00a0\u00bb]<\/p>\n<h2>ENSEMBLE, SOUTENONS DURABLEMENT LA P\u00caCHE FRAN\u00c7AISE !<\/h2>\n<p>D\u00e9couvrez notre d\u00e9marche Bonne P\u00eache en cliquant sur l&rsquo;image ci-dessous.<\/p>\n<p>[\/et_pb_text][et_pb_image admin_label=\u00a0\u00bbImage\u00a0\u00bb src=\u00a0\u00bbhttp:\/\/www.egimer.fr\/wp-content\/uploads\/2015\/12\/bonne_peche.png\u00a0\u00bb alt=\u00a0\u00bbD\u00e9marche bonne p\u00eache &#8211; p\u00eache fran\u00e7aise\u00a0\u00bb title_text=\u00a0\u00bbD\u00e9marche bonne p\u00eache &#8211; p\u00eache fran\u00e7aise\u00a0\u00bb show_in_lightbox=\u00a0\u00bboff\u00a0\u00bb url=\u00a0\u00bbhttp:\/\/www.bonnepeche.fr\u00a0\u00bb url_new_window=\u00a0\u00bbon\u00a0\u00bb animation=\u00a0\u00bboff\u00a0\u00bb sticky=\u00a0\u00bboff\u00a0\u00bb align=\u00a0\u00bbcenter\u00a0\u00bb force_fullwidth=\u00a0\u00bboff\u00a0\u00bb always_center_on_mobile=\u00a0\u00bbon\u00a0\u00bb use_border_color=\u00a0\u00bboff\u00a0\u00bb border_color=\u00a0\u00bb#ffffff\u00a0\u00bb border_style=\u00a0\u00bbsolid\u00a0\u00bb] [\/et_pb_image][\/et_pb_column_inner][\/et_pb_row_inner][\/et_pb_column][et_pb_column type=\u00a0\u00bb1_4&Prime;][et_pb_text admin_label=\u00a0\u00bbTexte\u00a0\u00bb background_layout=\u00a0\u00bbdark\u00a0\u00bb text_orientation=\u00a0\u00bbleft\u00a0\u00bb background_color=\u00a0\u00bb#783092&Prime; use_border_color=\u00a0\u00bbon\u00a0\u00bb border_color=\u00a0\u00bb#783092&Prime; border_width=\u00a0\u00bb14px\u00a0\u00bb border_style=\u00a0\u00bbsolid\u00a0\u00bb custom_padding=\u00a0\u00bb10px|15px|10px|15px\u00a0\u00bb]<\/p>\n<h2><strong>Conseil et communication<\/strong><\/h2>\n<p>Toute l&rsquo;ann\u00e9e nous mettons en place des outils de communication aupr\u00e8s de vos convives pour valoriser la qualit\u00e9 des produits servis.<\/p>\n<p>Notre d\u00e9marche \u00ab\u00a0<span style=\"color: #ffffff;\"><a style=\"color: #ffffff;\" href=\"http:\/\/www.bonnepeche.fr\" target=\"_blank\">Bonne P\u00eache<\/a><\/span>\u00a0\u00bb met en avant la p\u00eache fran\u00e7aise et durable.<\/p>\n<p>A travers diff\u00e9rentes animations, nos \u00e9quipes s&rsquo;investissent dans un v\u00e9ritable travail de p\u00e9dagogie :<\/p>\n<ul>\n<li>Pr\u00e9sentation des produits en restauration d&rsquo;entreprise (No\u00ebl, f\u00eate de la mer&#8230;)<\/li>\n<li>Opportunit\u00e9s et promotions (No\u00ebl, St Patrick, gamme festive)<\/li>\n<\/ul>\n<p>Nous participons r\u00e9guli\u00e8rement aux salons professionnels dans lesquels nous puisons les derni\u00e8res tendances afin d&rsquo;\u00eatre innovants et force de proposition dans nos gammes.<\/p>\n<p>[\/et_pb_text][et_pb_text admin_label=\u00a0\u00bbTexte\u00a0\u00bb background_layout=\u00a0\u00bbdark\u00a0\u00bb text_orientation=\u00a0\u00bbleft\u00a0\u00bb background_color=\u00a0\u00bb#00bef3&Prime; use_border_color=\u00a0\u00bbon\u00a0\u00bb border_color=\u00a0\u00bb#00bef3&Prime; border_width=\u00a0\u00bb14px\u00a0\u00bb border_style=\u00a0\u00bbsolid\u00a0\u00bb custom_padding=\u00a0\u00bb10px|15px|10px|15px\u00a0\u00bb]<\/p>\n<p><strong>Pour plus d&rsquo;informations, nos \u00e9quipes se tiennent \u00e0 votre disposition au<\/strong><strong>\u00a002.48.27.23.60<\/strong><\/p>\n<p><strong>Vous pouvez \u00e9galement les contacter via le <span style=\"text-decoration: underline;\"><span style=\"color: #ffffff;\"><a style=\"color: #ffffff; text-decoration: underline;\" href=\"http:\/\/www.egimer.fr\/index.php\/formulaire-de-contact-rc-2\/\">formulaire de contact<\/a><\/span><\/span>.<\/strong><\/p>\n<p>[\/et_pb_text][\/et_pb_column][\/et_pb_section][et_pb_section admin_label=\u00a0\u00bbSection\u00a0\u00bb fullwidth=\u00a0\u00bboff\u00a0\u00bb specialty=\u00a0\u00bboff\u00a0\u00bb][et_pb_row admin_label=\u00a0\u00bbLigne\u00a0\u00bb][et_pb_column type=\u00a0\u00bb4_4&Prime;][\/et_pb_column][\/et_pb_row][\/et_pb_section][et_pb_section admin_label=\u00a0\u00bbSection\u00a0\u00bb fullwidth=\u00a0\u00bbon\u00a0\u00bb specialty=\u00a0\u00bboff\u00a0\u00bb background_image=\u00a0\u00bbhttp:\/\/www.egimer.fr\/wp-content\/uploads\/2015\/12\/Cuisinier.jpg\u00a0\u00bb transparent_background=\u00a0\u00bboff\u00a0\u00bb allow_player_pause=\u00a0\u00bboff\u00a0\u00bb inner_shadow=\u00a0\u00bboff\u00a0\u00bb parallax=\u00a0\u00bbon\u00a0\u00bb parallax_method=\u00a0\u00bboff\u00a0\u00bb padding_mobile=\u00a0\u00bboff\u00a0\u00bb make_fullwidth=\u00a0\u00bboff\u00a0\u00bb use_custom_width=\u00a0\u00bboff\u00a0\u00bb width_unit=\u00a0\u00bbon\u00a0\u00bb make_equal=\u00a0\u00bboff\u00a0\u00bb use_custom_gutter=\u00a0\u00bboff\u00a0\u00bb custom_css_main_element=\u00a0\u00bbheight:150px\u00a0\u00bb][\/et_pb_section]<\/p>\n","protected":false},"excerpt":{"rendered":"<p>[et_pb_section admin_label=\u00a0\u00bbSection\u00a0\u00bb fullwidth=\u00a0\u00bbon\u00a0\u00bb specialty=\u00a0\u00bboff\u00a0\u00bb background_image=\u00a0\u00bbhttp:\/\/www.egimer.fr\/wp-content\/uploads\/2015\/12\/Cuisinier.jpg\u00a0\u00bb transparent_background=\u00a0\u00bboff\u00a0\u00bb allow_player_pause=\u00a0\u00bboff\u00a0\u00bb inner_shadow=\u00a0\u00bboff\u00a0\u00bb parallax=\u00a0\u00bbon\u00a0\u00bb parallax_method=\u00a0\u00bboff\u00a0\u00bb padding_mobile=\u00a0\u00bboff\u00a0\u00bb make_fullwidth=\u00a0\u00bboff\u00a0\u00bb use_custom_width=\u00a0\u00bboff\u00a0\u00bb width_unit=\u00a0\u00bbon\u00a0\u00bb make_equal=\u00a0\u00bboff\u00a0\u00bb use_custom_gutter=\u00a0\u00bboff\u00a0\u00bb custom_css_main_element=\u00a0\u00bbheight:150px\u00a0\u00bb][\/et_pb_section][et_pb_section admin_label=\u00a0\u00bbSection\u00a0\u00bb fullwidth=\u00a0\u00bboff\u00a0\u00bb specialty=\u00a0\u00bbon\u00a0\u00bb][et_pb_column type=\u00a0\u00bb3_4&Prime; specialty_columns=\u00a0\u00bb3&Prime;][et_pb_row_inner admin_label=\u00a0\u00bbLigne\u00a0\u00bb][et_pb_column_inner type=\u00a0\u00bb4_4&Prime; saved_specialty_column_type=\u00a0\u00bb3_4&Prime;][et_pb_text admin_label=\u00a0\u00bbTexte\u00a0\u00bb background_layout=\u00a0\u00bblight\u00a0\u00bb text_orientation=\u00a0\u00bbleft\u00a0\u00bb use_border_color=\u00a0\u00bboff\u00a0\u00bb border_color=\u00a0\u00bb#ffffff\u00a0\u00bb border_style=\u00a0\u00bbsolid\u00a0\u00bb] La restauration sociale hors domicile (RHD) [\/et_pb_text][et_pb_text admin_label=\u00a0\u00bbTexte\u00a0\u00bb background_layout=\u00a0\u00bblight\u00a0\u00bb text_orientation=\u00a0\u00bbleft\u00a0\u00bb use_border_color=\u00a0\u00bboff\u00a0\u00bb border_color=\u00a0\u00bb#ffffff\u00a0\u00bb border_style=\u00a0\u00bbsolid\u00a0\u00bb] Nous disposons d&rsquo;une gamme compl\u00e8te adapt\u00e9e \u00e0 la saisonnalit\u00e9 : Produits [&hellip;]<\/p>\n","protected":false},"author":1,"featured_media":0,"parent":0,"menu_order":0,"comment_status":"closed","ping_status":"closed","template":"","meta":[],"yoast_head":"<!-- This site is optimized with the Yoast SEO plugin v18.6 - https:\/\/yoast.com\/wordpress\/plugins\/seo\/ -->\n<title>Offre restauration sociale hors domicile (RHD) | Egimer<\/title>\n<meta name=\"description\" content=\"D\u00e9couvrez l&#039;offre d&#039;Egimer, distributeurs de produits de la mer frais et \u00e9labor\u00e9s au service de la restauration sociale hors domicile (RHD).\" \/>\n<meta name=\"robots\" content=\"index, follow, max-snippet:-1, max-image-preview:large, max-video-preview:-1\" \/>\n<link rel=\"canonical\" href=\"http:\/\/www.egimer.fr\/index.php\/rhd-restauration-sociale-hors-domicile\/\" \/>\n<meta property=\"og:locale\" content=\"fr_FR\" \/>\n<meta property=\"og:type\" content=\"article\" \/>\n<meta property=\"og:title\" content=\"Offre restauration sociale hors domicile (RHD) | Egimer\" \/>\n<meta property=\"og:description\" content=\"D\u00e9couvrez l&#039;offre d&#039;Egimer, distributeurs de produits de la mer frais et \u00e9labor\u00e9s au service de la restauration sociale hors domicile (RHD).\" \/>\n<meta property=\"og:url\" content=\"http:\/\/www.egimer.fr\/index.php\/rhd-restauration-sociale-hors-domicile\/\" \/>\n<meta property=\"og:site_name\" content=\"Egimer\" \/>\n<meta property=\"article:modified_time\" content=\"2020-04-15T07:21:40+00:00\" \/>\n<meta name=\"twitter:card\" content=\"summary\" \/>\n<meta name=\"twitter:label1\" content=\"Dur\u00e9e de lecture estim\u00e9e\" \/>\n\t<meta name=\"twitter:data1\" content=\"5 minutes\" \/>\n<script type=\"application\/ld+json\" class=\"yoast-schema-graph\">{\"@context\":\"https:\/\/schema.org\",\"@graph\":[{\"@type\":\"WebSite\",\"@id\":\"http:\/\/www.egimer.fr\/#website\",\"url\":\"http:\/\/www.egimer.fr\/\",\"name\":\"Egimer\",\"description\":\"Au coeur du frais\",\"potentialAction\":[{\"@type\":\"SearchAction\",\"target\":{\"@type\":\"EntryPoint\",\"urlTemplate\":\"http:\/\/www.egimer.fr\/?s={search_term_string}\"},\"query-input\":\"required name=search_term_string\"}],\"inLanguage\":\"fr-FR\"},{\"@type\":\"WebPage\",\"@id\":\"http:\/\/www.egimer.fr\/index.php\/rhd-restauration-sociale-hors-domicile\/#webpage\",\"url\":\"http:\/\/www.egimer.fr\/index.php\/rhd-restauration-sociale-hors-domicile\/\",\"name\":\"Offre restauration sociale hors domicile (RHD) | Egimer\",\"isPartOf\":{\"@id\":\"http:\/\/www.egimer.fr\/#website\"},\"datePublished\":\"2015-12-22T09:15:48+00:00\",\"dateModified\":\"2020-04-15T07:21:40+00:00\",\"description\":\"D\u00e9couvrez l'offre d'Egimer, distributeurs de produits de la mer frais et \u00e9labor\u00e9s au service de la restauration sociale hors domicile (RHD).\",\"breadcrumb\":{\"@id\":\"http:\/\/www.egimer.fr\/index.php\/rhd-restauration-sociale-hors-domicile\/#breadcrumb\"},\"inLanguage\":\"fr-FR\",\"potentialAction\":[{\"@type\":\"ReadAction\",\"target\":[\"http:\/\/www.egimer.fr\/index.php\/rhd-restauration-sociale-hors-domicile\/\"]}]},{\"@type\":\"BreadcrumbList\",\"@id\":\"http:\/\/www.egimer.fr\/index.php\/rhd-restauration-sociale-hors-domicile\/#breadcrumb\",\"itemListElement\":[{\"@type\":\"ListItem\",\"position\":1,\"name\":\"Accueil\",\"item\":\"http:\/\/www.egimer.fr\/\"},{\"@type\":\"ListItem\",\"position\":2,\"name\":\"Offre restauration sociale hors domicile\"}]}]}<\/script>\n<!-- \/ Yoast SEO plugin. -->","yoast_head_json":{"title":"Offre restauration sociale hors domicile (RHD) | Egimer","description":"D\u00e9couvrez l'offre d'Egimer, distributeurs de produits de la mer frais et \u00e9labor\u00e9s au service de la restauration sociale hors domicile (RHD).","robots":{"index":"index","follow":"follow","max-snippet":"max-snippet:-1","max-image-preview":"max-image-preview:large","max-video-preview":"max-video-preview:-1"},"canonical":"http:\/\/www.egimer.fr\/index.php\/rhd-restauration-sociale-hors-domicile\/","og_locale":"fr_FR","og_type":"article","og_title":"Offre restauration sociale hors domicile (RHD) | Egimer","og_description":"D\u00e9couvrez l'offre d'Egimer, distributeurs de produits de la mer frais et \u00e9labor\u00e9s au service de la restauration sociale hors domicile (RHD).","og_url":"http:\/\/www.egimer.fr\/index.php\/rhd-restauration-sociale-hors-domicile\/","og_site_name":"Egimer","article_modified_time":"2020-04-15T07:21:40+00:00","twitter_card":"summary","twitter_misc":{"Dur\u00e9e de lecture estim\u00e9e":"5 minutes"},"schema":{"@context":"https:\/\/schema.org","@graph":[{"@type":"WebSite","@id":"http:\/\/www.egimer.fr\/#website","url":"http:\/\/www.egimer.fr\/","name":"Egimer","description":"Au coeur du frais","potentialAction":[{"@type":"SearchAction","target":{"@type":"EntryPoint","urlTemplate":"http:\/\/www.egimer.fr\/?s={search_term_string}"},"query-input":"required name=search_term_string"}],"inLanguage":"fr-FR"},{"@type":"WebPage","@id":"http:\/\/www.egimer.fr\/index.php\/rhd-restauration-sociale-hors-domicile\/#webpage","url":"http:\/\/www.egimer.fr\/index.php\/rhd-restauration-sociale-hors-domicile\/","name":"Offre restauration sociale hors domicile (RHD) | Egimer","isPartOf":{"@id":"http:\/\/www.egimer.fr\/#website"},"datePublished":"2015-12-22T09:15:48+00:00","dateModified":"2020-04-15T07:21:40+00:00","description":"D\u00e9couvrez l'offre d'Egimer, distributeurs de produits de la mer frais et \u00e9labor\u00e9s au service de la restauration sociale hors domicile (RHD).","breadcrumb":{"@id":"http:\/\/www.egimer.fr\/index.php\/rhd-restauration-sociale-hors-domicile\/#breadcrumb"},"inLanguage":"fr-FR","potentialAction":[{"@type":"ReadAction","target":["http:\/\/www.egimer.fr\/index.php\/rhd-restauration-sociale-hors-domicile\/"]}]},{"@type":"BreadcrumbList","@id":"http:\/\/www.egimer.fr\/index.php\/rhd-restauration-sociale-hors-domicile\/#breadcrumb","itemListElement":[{"@type":"ListItem","position":1,"name":"Accueil","item":"http:\/\/www.egimer.fr\/"},{"@type":"ListItem","position":2,"name":"Offre restauration sociale hors domicile"}]}]}},"_links":{"self":[{"href":"https:\/\/www.egimer.fr\/index.php\/wp-json\/wp\/v2\/pages\/56"}],"collection":[{"href":"https:\/\/www.egimer.fr\/index.php\/wp-json\/wp\/v2\/pages"}],"about":[{"href":"https:\/\/www.egimer.fr\/index.php\/wp-json\/wp\/v2\/types\/page"}],"author":[{"embeddable":true,"href":"https:\/\/www.egimer.fr\/index.php\/wp-json\/wp\/v2\/users\/1"}],"replies":[{"embeddable":true,"href":"https:\/\/www.egimer.fr\/index.php\/wp-json\/wp\/v2\/comments?post=56"}],"version-history":[{"count":19,"href":"https:\/\/www.egimer.fr\/index.php\/wp-json\/wp\/v2\/pages\/56\/revisions"}],"predecessor-version":[{"id":435,"href":"https:\/\/www.egimer.fr\/index.php\/wp-json\/wp\/v2\/pages\/56\/revisions\/435"}],"wp:attachment":[{"href":"https:\/\/www.egimer.fr\/index.php\/wp-json\/wp\/v2\/media?parent=56"}],"curies":[{"name":"wp","href":"https:\/\/api.w.org\/{rel}","templated":true}]}}