{"id":119,"date":"2015-12-22T14:34:57","date_gmt":"2015-12-22T13:34:57","guid":{"rendered":"http:\/\/www.egimer.fr\/?page_id=119"},"modified":"2020-04-15T08:26:25","modified_gmt":"2020-04-15T07:26:25","slug":"le-groupe","status":"publish","type":"page","link":"https:\/\/www.egimer.fr\/index.php\/le-groupe\/","title":{"rendered":"Le groupe"},"content":{"rendered":"<p>[et_pb_section admin_label=\u00a0\u00bbSection\u00a0\u00bb fullwidth=\u00a0\u00bbon\u00a0\u00bb specialty=\u00a0\u00bboff\u00a0\u00bb background_image=\u00a0\u00bbhttp:\/\/www.egimer.fr\/wp-content\/uploads\/2015\/12\/YAB_PMC.jpg\u00a0\u00bb transparent_background=\u00a0\u00bboff\u00a0\u00bb allow_player_pause=\u00a0\u00bboff\u00a0\u00bb inner_shadow=\u00a0\u00bboff\u00a0\u00bb parallax=\u00a0\u00bbon\u00a0\u00bb parallax_method=\u00a0\u00bboff\u00a0\u00bb padding_mobile=\u00a0\u00bboff\u00a0\u00bb make_fullwidth=\u00a0\u00bboff\u00a0\u00bb use_custom_width=\u00a0\u00bboff\u00a0\u00bb width_unit=\u00a0\u00bbon\u00a0\u00bb make_equal=\u00a0\u00bboff\u00a0\u00bb use_custom_gutter=\u00a0\u00bboff\u00a0\u00bb custom_css_main_element=\u00a0\u00bbheight:150px\u00a0\u00bb][\/et_pb_section][et_pb_section admin_label=\u00a0\u00bbSection\u00a0\u00bb fullwidth=\u00a0\u00bboff\u00a0\u00bb specialty=\u00a0\u00bboff\u00a0\u00bb][et_pb_row admin_label=\u00a0\u00bbLigne\u00a0\u00bb][et_pb_column type=\u00a0\u00bb1_2&Prime;][et_pb_text admin_label=\u00a0\u00bbTexte\u00a0\u00bb background_layout=\u00a0\u00bblight\u00a0\u00bb text_orientation=\u00a0\u00bbleft\u00a0\u00bb use_border_color=\u00a0\u00bboff\u00a0\u00bb border_color=\u00a0\u00bb#ffffff\u00a0\u00bb border_style=\u00a0\u00bbsolid\u00a0\u00bb]<\/p>\n<h1>Ensemble, au c\u0153ur du frais !<\/h1>\n<p>[\/et_pb_text][et_pb_text admin_label=\u00a0\u00bbTexte\u00a0\u00bb background_layout=\u00a0\u00bblight\u00a0\u00bb text_orientation=\u00a0\u00bbleft\u00a0\u00bb use_border_color=\u00a0\u00bboff\u00a0\u00bb border_color=\u00a0\u00bb#ffffff\u00a0\u00bb border_style=\u00a0\u00bbsolid\u00a0\u00bb]<\/p>\n<p><strong>Cr\u00e9\u00e9 en 1986<\/strong>, le groupe regroupe les entreprises suivantes\u00a0:<br \/>\n&#8211; Marco-Danielou \u00e0 Chartres<br \/>\n&#8211; Mag-Prim \u00e0 Melun<br \/>\n&#8211; Colom Alberti \u00e0 Bourges<br \/>\n&#8211; Mag-Fruits \u00e0 Orl\u00e9ans<br \/>\n&#8211; Banabel \u00e0 Poitiers<br \/>\n&#8211; Egimer \u00e0 Bourges<\/p>\n<p>Il permet de cr\u00e9er une force de groupe tout en commercialisant les produits r\u00e9gionalement.<\/p>\n<ul>\n<li><strong>30\u00a0ann\u00e9es d\u2019exp\u00e9rience dans la distribution de fruits et l\u00e9gumes frais<\/strong><\/li>\n<li><strong>Plus de 4700 clients r\u00e9partis sur 15 d\u00e9partements<\/strong><\/li>\n<li><strong>Plus de 2000 r\u00e9f\u00e9rences produits de 1\u00e8re, 4\u00e8me et 5\u00e8me gammes conventionnel ou BIO<\/strong><\/li>\n<\/ul>\n<p><em>Pour plus d\u2019informations, cliquez sur le distributeur de votre choix ci-dessous.<\/em><\/p>\n<p>[\/et_pb_text][\/et_pb_column][et_pb_column type=\u00a0\u00bb1_2&Prime;][et_pb_image admin_label=\u00a0\u00bbImage\u00a0\u00bb src=\u00a0\u00bbhttp:\/\/www.egimer.fr\/wp-content\/uploads\/2015\/12\/CARTE-Derni\u00e8re-version.jpg\u00a0\u00bb show_in_lightbox=\u00a0\u00bboff\u00a0\u00bb url_new_window=\u00a0\u00bboff\u00a0\u00bb animation=\u00a0\u00bbleft\u00a0\u00bb sticky=\u00a0\u00bboff\u00a0\u00bb align=\u00a0\u00bbleft\u00a0\u00bb force_fullwidth=\u00a0\u00bboff\u00a0\u00bb always_center_on_mobile=\u00a0\u00bbon\u00a0\u00bb use_border_color=\u00a0\u00bboff\u00a0\u00bb border_color=\u00a0\u00bb#ffffff\u00a0\u00bb border_style=\u00a0\u00bbsolid\u00a0\u00bb] [\/et_pb_image][\/et_pb_column][\/et_pb_row][\/et_pb_section][et_pb_section admin_label=\u00a0\u00bbSection\u00a0\u00bb fullwidth=\u00a0\u00bbon\u00a0\u00bb specialty=\u00a0\u00bboff\u00a0\u00bb background_image=\u00a0\u00bbhttp:\/\/www.egimer.fr\/wp-content\/uploads\/2015\/12\/rond-mag.jpg\u00a0\u00bb transparent_background=\u00a0\u00bboff\u00a0\u00bb allow_player_pause=\u00a0\u00bboff\u00a0\u00bb inner_shadow=\u00a0\u00bboff\u00a0\u00bb parallax=\u00a0\u00bbon\u00a0\u00bb parallax_method=\u00a0\u00bboff\u00a0\u00bb padding_mobile=\u00a0\u00bboff\u00a0\u00bb make_fullwidth=\u00a0\u00bboff\u00a0\u00bb use_custom_width=\u00a0\u00bboff\u00a0\u00bb width_unit=\u00a0\u00bbon\u00a0\u00bb make_equal=\u00a0\u00bboff\u00a0\u00bb use_custom_gutter=\u00a0\u00bboff\u00a0\u00bb custom_css_main_element=\u00a0\u00bbheight:300px\u00a0\u00bb][\/et_pb_section][et_pb_section admin_label=\u00a0\u00bbSection\u00a0\u00bb fullwidth=\u00a0\u00bboff\u00a0\u00bb specialty=\u00a0\u00bboff\u00a0\u00bb][et_pb_row admin_label=\u00a0\u00bbLigne\u00a0\u00bb][et_pb_column type=\u00a0\u00bb4_4&Prime;][et_pb_text admin_label=\u00a0\u00bbTexte\u00a0\u00bb background_layout=\u00a0\u00bblight\u00a0\u00bb text_orientation=\u00a0\u00bbleft\u00a0\u00bb use_border_color=\u00a0\u00bboff\u00a0\u00bb border_color=\u00a0\u00bb#ffffff\u00a0\u00bb border_style=\u00a0\u00bbsolid\u00a0\u00bb]<\/p>\n<h3 style=\"text-align: left;\"><strong>Contacter un site du groupe&#8230;<\/strong><\/h3>\n<p>&nbsp;<\/p>\n<p>&nbsp;<\/p>\n<p>[\/et_pb_text][\/et_pb_column][\/et_pb_row][et_pb_row admin_label=\u00a0\u00bbLigne\u00a0\u00bb][et_pb_column type=\u00a0\u00bb1_3&Prime;][et_pb_image admin_label=\u00a0\u00bbImage\u00a0\u00bb src=\u00a0\u00bbhttp:\/\/www.egimer.fr\/wp-content\/uploads\/2015\/12\/egimer.jpg\u00a0\u00bb show_in_lightbox=\u00a0\u00bboff\u00a0\u00bb url_new_window=\u00a0\u00bboff\u00a0\u00bb animation=\u00a0\u00bboff\u00a0\u00bb sticky=\u00a0\u00bboff\u00a0\u00bb align=\u00a0\u00bbleft\u00a0\u00bb force_fullwidth=\u00a0\u00bboff\u00a0\u00bb always_center_on_mobile=\u00a0\u00bbon\u00a0\u00bb use_border_color=\u00a0\u00bboff\u00a0\u00bb border_color=\u00a0\u00bb#ffffff\u00a0\u00bb border_style=\u00a0\u00bbsolid\u00a0\u00bb alt=\u00a0\u00bbSoci\u00e9t\u00e9 Egimer\u00a0\u00bb title_text=\u00a0\u00bbSoci\u00e9t\u00e9 Egimer\u00a0\u00bb url=\u00a0\u00bbhttp:\/\/www.egimer.fr\u00a0\u00bb] [\/et_pb_image][et_pb_text admin_label=\u00a0\u00bbTexte\u00a0\u00bb background_layout=\u00a0\u00bblight\u00a0\u00bb text_orientation=\u00a0\u00bbleft\u00a0\u00bb use_border_color=\u00a0\u00bboff\u00a0\u00bb border_color=\u00a0\u00bb#ffffff\u00a0\u00bb border_style=\u00a0\u00bbsolid\u00a0\u00bb]<\/p>\n<p style=\"text-align: center;\">107 av. de la Prospective \u2013 18000 BOURGES<\/p>\n<p style=\"text-align: center;\">Tel : 02.48.27.23.60 \u2013 Fax : 02.48.27.23.69<\/p>\n<p style=\"text-align: center;\"><a href=\"http:\/\/www.egimer.fr\/\" target=\"_blank\">www.egimer.fr<\/a><\/p>\n<p>[\/et_pb_text][et_pb_image admin_label=\u00a0\u00bbImage\u00a0\u00bb src=\u00a0\u00bbhttp:\/\/www.egimer.fr\/wp-content\/uploads\/2015\/12\/Banabel.jpg\u00a0\u00bb show_in_lightbox=\u00a0\u00bboff\u00a0\u00bb url_new_window=\u00a0\u00bboff\u00a0\u00bb animation=\u00a0\u00bboff\u00a0\u00bb sticky=\u00a0\u00bboff\u00a0\u00bb align=\u00a0\u00bbleft\u00a0\u00bb force_fullwidth=\u00a0\u00bboff\u00a0\u00bb always_center_on_mobile=\u00a0\u00bbon\u00a0\u00bb use_border_color=\u00a0\u00bboff\u00a0\u00bb border_color=\u00a0\u00bb#ffffff\u00a0\u00bb border_style=\u00a0\u00bbsolid\u00a0\u00bb alt=\u00a0\u00bbSoci\u00e9t\u00e9 Banabel\u00a0\u00bb title_text=\u00a0\u00bbSoci\u00e9t\u00e9 Banabel\u00a0\u00bb url=\u00a0\u00bbhttp:\/\/www.banabel.fr\u00a0\u00bb] [\/et_pb_image][et_pb_text admin_label=\u00a0\u00bbTexte\u00a0\u00bb background_layout=\u00a0\u00bblight\u00a0\u00bb text_orientation=\u00a0\u00bbleft\u00a0\u00bb use_border_color=\u00a0\u00bboff\u00a0\u00bb border_color=\u00a0\u00bb#ffffff\u00a0\u00bb border_style=\u00a0\u00bbsolid\u00a0\u00bb]<\/p>\n<p style=\"text-align: center;\">14 rue du Carreau \u2013 86000 POITIERS<\/p>\n<p style=\"text-align: center;\">Tel : 05.49.41.06.39 \u2013 Fax : 05.49.41.42.32<\/p>\n<p style=\"text-align: center;\"><a href=\"http:\/\/www.banabel.fr\/\" target=\"_blank\">www.banabel.fr<\/a><\/p>\n<p>[\/et_pb_text][\/et_pb_column][et_pb_column type=\u00a0\u00bb1_3&Prime;][et_pb_image admin_label=\u00a0\u00bbImage\u00a0\u00bb src=\u00a0\u00bbhttp:\/\/www.egimer.fr\/wp-content\/uploads\/2015\/12\/Magprim.jpg\u00a0\u00bb show_in_lightbox=\u00a0\u00bboff\u00a0\u00bb url_new_window=\u00a0\u00bboff\u00a0\u00bb animation=\u00a0\u00bboff\u00a0\u00bb sticky=\u00a0\u00bboff\u00a0\u00bb align=\u00a0\u00bbleft\u00a0\u00bb force_fullwidth=\u00a0\u00bboff\u00a0\u00bb always_center_on_mobile=\u00a0\u00bbon\u00a0\u00bb use_border_color=\u00a0\u00bboff\u00a0\u00bb border_color=\u00a0\u00bb#ffffff\u00a0\u00bb border_style=\u00a0\u00bbsolid\u00a0\u00bb alt=\u00a0\u00bbSoci\u00e9t\u00e9 Mag-Prim\u00a0\u00bb title_text=\u00a0\u00bbSoci\u00e9t\u00e9 Mag-Prim\u00a0\u00bb url=\u00a0\u00bbhttp:\/\/www.mag-prim.fr\u00a0\u00bb] [\/et_pb_image][et_pb_text admin_label=\u00a0\u00bbTexte\u00a0\u00bb background_layout=\u00a0\u00bblight\u00a0\u00bb text_orientation=\u00a0\u00bbleft\u00a0\u00bb use_border_color=\u00a0\u00bboff\u00a0\u00bb border_color=\u00a0\u00bb#ffffff\u00a0\u00bb border_style=\u00a0\u00bbsolid\u00a0\u00bb]<\/p>\n<p style=\"text-align: center;\">541 avenue de l\u2019Europe \u2013 Vert-St-Denis \u2013 77246 CESSON CEDEX<\/p>\n<p style=\"text-align: center;\">Tel : 01.60.56.50.40\u00a0\u2013 Fax : 01.60.56.50.30<\/p>\n<p style=\"text-align: center;\"><a href=\"http:\/\/www.mag-prim.fr\/\" target=\"_blank\">www.mag-prim.fr<\/a><\/p>\n<p>[\/et_pb_text][et_pb_image admin_label=\u00a0\u00bbImage\u00a0\u00bb src=\u00a0\u00bbhttp:\/\/www.egimer.fr\/wp-content\/uploads\/2015\/12\/Colomalberti.jpg\u00a0\u00bb show_in_lightbox=\u00a0\u00bboff\u00a0\u00bb url_new_window=\u00a0\u00bboff\u00a0\u00bb animation=\u00a0\u00bboff\u00a0\u00bb sticky=\u00a0\u00bboff\u00a0\u00bb align=\u00a0\u00bbleft\u00a0\u00bb force_fullwidth=\u00a0\u00bboff\u00a0\u00bb always_center_on_mobile=\u00a0\u00bbon\u00a0\u00bb use_border_color=\u00a0\u00bboff\u00a0\u00bb border_color=\u00a0\u00bb#ffffff\u00a0\u00bb border_style=\u00a0\u00bbsolid\u00a0\u00bb alt=\u00a0\u00bbSoci\u00e9t\u00e9 Colom Alberti\u00a0\u00bb title_text=\u00a0\u00bbSoci\u00e9t\u00e9 Colom Alberti\u00a0\u00bb url=\u00a0\u00bbhttp:\/\/www.colomalberti.fr\u00a0\u00bb] [\/et_pb_image][et_pb_text admin_label=\u00a0\u00bbTexte\u00a0\u00bb background_layout=\u00a0\u00bblight\u00a0\u00bb text_orientation=\u00a0\u00bbleft\u00a0\u00bb use_border_color=\u00a0\u00bboff\u00a0\u00bb border_color=\u00a0\u00bb#ffffff\u00a0\u00bb border_style=\u00a0\u00bbsolid\u00a0\u00bb]<\/p>\n<p style=\"text-align: center;\">107 av. de la Prospective \u2013 18000 BOURGES<\/p>\n<p style=\"text-align: center;\">Tel : 02.48.23.74.74 \u2013 Fax : 02.48.65.80.27<\/p>\n<p style=\"text-align: center;\"><a href=\"http:\/\/www.colomalberti.fr\/\" target=\"_blank\">www.colomalberti.fr<\/a><\/p>\n<p>[\/et_pb_text][\/et_pb_column][et_pb_column type=\u00a0\u00bb1_3&Prime;][et_pb_image admin_label=\u00a0\u00bbImage\u00a0\u00bb src=\u00a0\u00bbhttp:\/\/www.egimer.fr\/wp-content\/uploads\/2015\/12\/Marcodanielou.jpg\u00a0\u00bb show_in_lightbox=\u00a0\u00bboff\u00a0\u00bb url_new_window=\u00a0\u00bboff\u00a0\u00bb animation=\u00a0\u00bboff\u00a0\u00bb sticky=\u00a0\u00bboff\u00a0\u00bb align=\u00a0\u00bbleft\u00a0\u00bb force_fullwidth=\u00a0\u00bboff\u00a0\u00bb always_center_on_mobile=\u00a0\u00bbon\u00a0\u00bb use_border_color=\u00a0\u00bboff\u00a0\u00bb border_color=\u00a0\u00bb#ffffff\u00a0\u00bb border_style=\u00a0\u00bbsolid\u00a0\u00bb alt=\u00a0\u00bbSoci\u00e9t\u00e9 Marco-Danielou\u00a0\u00bb title_text=\u00a0\u00bbSoci\u00e9t\u00e9 Marco-Danielou\u00a0\u00bb url=\u00a0\u00bbhttp:\/\/www.marco-danielou.fr\u00a0\u00bb] [\/et_pb_image][et_pb_text admin_label=\u00a0\u00bbTexte\u00a0\u00bb background_layout=\u00a0\u00bblight\u00a0\u00bb text_orientation=\u00a0\u00bbleft\u00a0\u00bb use_border_color=\u00a0\u00bboff\u00a0\u00bb border_color=\u00a0\u00bb#ffffff\u00a0\u00bb border_style=\u00a0\u00bbsolid\u00a0\u00bb]<\/p>\n<div class=\"et_pb_text et_pb_module et_pb_bg_layout_light et_pb_text_align_left et_pb_text_7\">\n<p style=\"text-align: center;\">1 rue Joseph Cugnot \u2013 28630 GELLAINVILLE CHARTRES<\/p>\n<p style=\"text-align: center;\">Tel : 02.37.30.56.00 \u2013 Fax : 02.37.30.56.04<\/p>\n<p style=\"text-align: center;\"><a href=\"http:\/\/www.marco-danielou.fr\/\" target=\"_blank\">www.marco-danielou.fr<\/a><\/p>\n<\/div>\n<p>&nbsp;<\/p>\n<p>[\/et_pb_text][et_pb_image admin_label=\u00a0\u00bbImage\u00a0\u00bb src=\u00a0\u00bbhttp:\/\/www.egimer.fr\/wp-content\/uploads\/2015\/12\/Magfruits.jpg\u00a0\u00bb show_in_lightbox=\u00a0\u00bboff\u00a0\u00bb url_new_window=\u00a0\u00bboff\u00a0\u00bb animation=\u00a0\u00bboff\u00a0\u00bb sticky=\u00a0\u00bboff\u00a0\u00bb align=\u00a0\u00bbleft\u00a0\u00bb force_fullwidth=\u00a0\u00bboff\u00a0\u00bb always_center_on_mobile=\u00a0\u00bbon\u00a0\u00bb use_border_color=\u00a0\u00bboff\u00a0\u00bb border_color=\u00a0\u00bb#ffffff\u00a0\u00bb border_style=\u00a0\u00bbsolid\u00a0\u00bb alt=\u00a0\u00bbSoci\u00e9t\u00e9 Mag-Fruits\u00a0\u00bb title_text=\u00a0\u00bbSoci\u00e9t\u00e9 Mag-Fruits\u00a0\u00bb url=\u00a0\u00bbhttp:\/\/www.mag-fruits.fr\u00a0\u00bb] [\/et_pb_image][et_pb_text admin_label=\u00a0\u00bbTexte\u00a0\u00bb background_layout=\u00a0\u00bblight\u00a0\u00bb text_orientation=\u00a0\u00bbleft\u00a0\u00bb use_border_color=\u00a0\u00bboff\u00a0\u00bb border_color=\u00a0\u00bb#ffffff\u00a0\u00bb border_style=\u00a0\u00bbsolid\u00a0\u00bb]<\/p>\n<p style=\"text-align: center;\">5 rue Pierre et Marie Curie \u2013\u00a045140 INGRE<\/p>\n<p style=\"text-align: center;\">Tel : 02.38.22.75.75 \u2013 Fax : 02.38.22.75.74<\/p>\n<p style=\"text-align: center;\"><a href=\"http:\/\/www.mag-fruits.fr\/\" target=\"_blank\">www.mag-fruits.fr<\/a><\/p>\n<p>[\/et_pb_text][\/et_pb_column][\/et_pb_row][\/et_pb_section]<\/p>\n","protected":false},"excerpt":{"rendered":"<p>[et_pb_section admin_label=\u00a0\u00bbSection\u00a0\u00bb fullwidth=\u00a0\u00bbon\u00a0\u00bb specialty=\u00a0\u00bboff\u00a0\u00bb background_image=\u00a0\u00bbhttp:\/\/www.egimer.fr\/wp-content\/uploads\/2015\/12\/YAB_PMC.jpg\u00a0\u00bb transparent_background=\u00a0\u00bboff\u00a0\u00bb allow_player_pause=\u00a0\u00bboff\u00a0\u00bb inner_shadow=\u00a0\u00bboff\u00a0\u00bb parallax=\u00a0\u00bbon\u00a0\u00bb parallax_method=\u00a0\u00bboff\u00a0\u00bb padding_mobile=\u00a0\u00bboff\u00a0\u00bb make_fullwidth=\u00a0\u00bboff\u00a0\u00bb use_custom_width=\u00a0\u00bboff\u00a0\u00bb width_unit=\u00a0\u00bbon\u00a0\u00bb make_equal=\u00a0\u00bboff\u00a0\u00bb use_custom_gutter=\u00a0\u00bboff\u00a0\u00bb custom_css_main_element=\u00a0\u00bbheight:150px\u00a0\u00bb][\/et_pb_section][et_pb_section admin_label=\u00a0\u00bbSection\u00a0\u00bb fullwidth=\u00a0\u00bboff\u00a0\u00bb specialty=\u00a0\u00bboff\u00a0\u00bb][et_pb_row admin_label=\u00a0\u00bbLigne\u00a0\u00bb][et_pb_column type=\u00a0\u00bb1_2&Prime;][et_pb_text admin_label=\u00a0\u00bbTexte\u00a0\u00bb background_layout=\u00a0\u00bblight\u00a0\u00bb text_orientation=\u00a0\u00bbleft\u00a0\u00bb use_border_color=\u00a0\u00bboff\u00a0\u00bb border_color=\u00a0\u00bb#ffffff\u00a0\u00bb border_style=\u00a0\u00bbsolid\u00a0\u00bb] Ensemble, au c\u0153ur du frais ! [\/et_pb_text][et_pb_text admin_label=\u00a0\u00bbTexte\u00a0\u00bb background_layout=\u00a0\u00bblight\u00a0\u00bb text_orientation=\u00a0\u00bbleft\u00a0\u00bb use_border_color=\u00a0\u00bboff\u00a0\u00bb border_color=\u00a0\u00bb#ffffff\u00a0\u00bb border_style=\u00a0\u00bbsolid\u00a0\u00bb] Cr\u00e9\u00e9 en 1986, le groupe regroupe les entreprises suivantes\u00a0: &#8211; Marco-Danielou \u00e0 Chartres &#8211; [&hellip;]<\/p>\n","protected":false},"author":1,"featured_media":0,"parent":0,"menu_order":0,"comment_status":"closed","ping_status":"closed","template":"","meta":[],"yoast_head":"<!-- This site is optimized with the Yoast SEO plugin v18.6 - https:\/\/yoast.com\/wordpress\/plugins\/seo\/ -->\n<title>Le groupe | Egimer - Au coeur du frais \u00a0<\/title>\n<meta name=\"description\" content=\"D\u00e9couvrez toutes les entit\u00e9s du groupe, sp\u00e9cialis\u00e9es dans les fruits et l\u00e9gumes et les produits de la mer depuis plus de 30 ans !\" \/>\n<meta name=\"robots\" content=\"index, follow, max-snippet:-1, max-image-preview:large, max-video-preview:-1\" \/>\n<link rel=\"canonical\" href=\"https:\/\/www.egimer.fr\/index.php\/le-groupe\/\" \/>\n<meta property=\"og:locale\" content=\"fr_FR\" \/>\n<meta property=\"og:type\" content=\"article\" \/>\n<meta property=\"og:title\" content=\"Le groupe | Egimer - Au coeur du frais \u00a0\" \/>\n<meta property=\"og:description\" content=\"D\u00e9couvrez toutes les entit\u00e9s du groupe, sp\u00e9cialis\u00e9es dans les fruits et l\u00e9gumes et les produits de la mer depuis plus de 30 ans !\" \/>\n<meta property=\"og:url\" content=\"https:\/\/www.egimer.fr\/index.php\/le-groupe\/\" \/>\n<meta property=\"og:site_name\" content=\"Egimer\" \/>\n<meta property=\"article:modified_time\" content=\"2020-04-15T07:26:25+00:00\" \/>\n<meta name=\"twitter:card\" content=\"summary\" \/>\n<meta name=\"twitter:label1\" content=\"Dur\u00e9e de lecture estim\u00e9e\" \/>\n\t<meta name=\"twitter:data1\" content=\"5 minutes\" \/>\n<script type=\"application\/ld+json\" class=\"yoast-schema-graph\">{\"@context\":\"https:\/\/schema.org\",\"@graph\":[{\"@type\":\"WebSite\",\"@id\":\"https:\/\/www.egimer.fr\/#website\",\"url\":\"https:\/\/www.egimer.fr\/\",\"name\":\"Egimer\",\"description\":\"Au coeur du frais\",\"potentialAction\":[{\"@type\":\"SearchAction\",\"target\":{\"@type\":\"EntryPoint\",\"urlTemplate\":\"https:\/\/www.egimer.fr\/?s={search_term_string}\"},\"query-input\":\"required name=search_term_string\"}],\"inLanguage\":\"fr-FR\"},{\"@type\":\"WebPage\",\"@id\":\"https:\/\/www.egimer.fr\/index.php\/le-groupe\/#webpage\",\"url\":\"https:\/\/www.egimer.fr\/index.php\/le-groupe\/\",\"name\":\"Le groupe | Egimer - Au coeur du frais \u00a0\",\"isPartOf\":{\"@id\":\"https:\/\/www.egimer.fr\/#website\"},\"datePublished\":\"2015-12-22T13:34:57+00:00\",\"dateModified\":\"2020-04-15T07:26:25+00:00\",\"description\":\"D\u00e9couvrez toutes les entit\u00e9s du groupe, sp\u00e9cialis\u00e9es dans les fruits et l\u00e9gumes et les produits de la mer depuis plus de 30 ans !\",\"breadcrumb\":{\"@id\":\"https:\/\/www.egimer.fr\/index.php\/le-groupe\/#breadcrumb\"},\"inLanguage\":\"fr-FR\",\"potentialAction\":[{\"@type\":\"ReadAction\",\"target\":[\"https:\/\/www.egimer.fr\/index.php\/le-groupe\/\"]}]},{\"@type\":\"BreadcrumbList\",\"@id\":\"https:\/\/www.egimer.fr\/index.php\/le-groupe\/#breadcrumb\",\"itemListElement\":[{\"@type\":\"ListItem\",\"position\":1,\"name\":\"Accueil\",\"item\":\"https:\/\/www.egimer.fr\/\"},{\"@type\":\"ListItem\",\"position\":2,\"name\":\"Le groupe\"}]}]}<\/script>\n<!-- \/ Yoast SEO plugin. -->","yoast_head_json":{"title":"Le groupe | Egimer - Au coeur du frais \u00a0","description":"D\u00e9couvrez toutes les entit\u00e9s du groupe, sp\u00e9cialis\u00e9es dans les fruits et l\u00e9gumes et les produits de la mer depuis plus de 30 ans !","robots":{"index":"index","follow":"follow","max-snippet":"max-snippet:-1","max-image-preview":"max-image-preview:large","max-video-preview":"max-video-preview:-1"},"canonical":"https:\/\/www.egimer.fr\/index.php\/le-groupe\/","og_locale":"fr_FR","og_type":"article","og_title":"Le groupe | Egimer - Au coeur du frais \u00a0","og_description":"D\u00e9couvrez toutes les entit\u00e9s du groupe, sp\u00e9cialis\u00e9es dans les fruits et l\u00e9gumes et les produits de la mer depuis plus de 30 ans !","og_url":"https:\/\/www.egimer.fr\/index.php\/le-groupe\/","og_site_name":"Egimer","article_modified_time":"2020-04-15T07:26:25+00:00","twitter_card":"summary","twitter_misc":{"Dur\u00e9e de lecture estim\u00e9e":"5 minutes"},"schema":{"@context":"https:\/\/schema.org","@graph":[{"@type":"WebSite","@id":"https:\/\/www.egimer.fr\/#website","url":"https:\/\/www.egimer.fr\/","name":"Egimer","description":"Au coeur du frais","potentialAction":[{"@type":"SearchAction","target":{"@type":"EntryPoint","urlTemplate":"https:\/\/www.egimer.fr\/?s={search_term_string}"},"query-input":"required name=search_term_string"}],"inLanguage":"fr-FR"},{"@type":"WebPage","@id":"https:\/\/www.egimer.fr\/index.php\/le-groupe\/#webpage","url":"https:\/\/www.egimer.fr\/index.php\/le-groupe\/","name":"Le groupe | Egimer - Au coeur du frais \u00a0","isPartOf":{"@id":"https:\/\/www.egimer.fr\/#website"},"datePublished":"2015-12-22T13:34:57+00:00","dateModified":"2020-04-15T07:26:25+00:00","description":"D\u00e9couvrez toutes les entit\u00e9s du groupe, sp\u00e9cialis\u00e9es dans les fruits et l\u00e9gumes et les produits de la mer depuis plus de 30 ans !","breadcrumb":{"@id":"https:\/\/www.egimer.fr\/index.php\/le-groupe\/#breadcrumb"},"inLanguage":"fr-FR","potentialAction":[{"@type":"ReadAction","target":["https:\/\/www.egimer.fr\/index.php\/le-groupe\/"]}]},{"@type":"BreadcrumbList","@id":"https:\/\/www.egimer.fr\/index.php\/le-groupe\/#breadcrumb","itemListElement":[{"@type":"ListItem","position":1,"name":"Accueil","item":"https:\/\/www.egimer.fr\/"},{"@type":"ListItem","position":2,"name":"Le groupe"}]}]}},"_links":{"self":[{"href":"https:\/\/www.egimer.fr\/index.php\/wp-json\/wp\/v2\/pages\/119"}],"collection":[{"href":"https:\/\/www.egimer.fr\/index.php\/wp-json\/wp\/v2\/pages"}],"about":[{"href":"https:\/\/www.egimer.fr\/index.php\/wp-json\/wp\/v2\/types\/page"}],"author":[{"embeddable":true,"href":"https:\/\/www.egimer.fr\/index.php\/wp-json\/wp\/v2\/users\/1"}],"replies":[{"embeddable":true,"href":"https:\/\/www.egimer.fr\/index.php\/wp-json\/wp\/v2\/comments?post=119"}],"version-history":[{"count":16,"href":"https:\/\/www.egimer.fr\/index.php\/wp-json\/wp\/v2\/pages\/119\/revisions"}],"predecessor-version":[{"id":438,"href":"https:\/\/www.egimer.fr\/index.php\/wp-json\/wp\/v2\/pages\/119\/revisions\/438"}],"wp:attachment":[{"href":"https:\/\/www.egimer.fr\/index.php\/wp-json\/wp\/v2\/media?parent=119"}],"curies":[{"name":"wp","href":"https:\/\/api.w.org\/{rel}","templated":true}]}}