{"id":106,"date":"2015-12-22T14:32:40","date_gmt":"2015-12-22T13:32:40","guid":{"rendered":"http:\/\/www.egimer.fr\/?page_id=106"},"modified":"2016-06-15T10:37:21","modified_gmt":"2016-06-15T09:37:21","slug":"logistique-raisonnee","status":"publish","type":"page","link":"https:\/\/www.egimer.fr\/index.php\/logistique-raisonnee\/","title":{"rendered":"Logistique raisonn\u00e9e | Egimer &#8211; Au c\u0153ur du frais"},"content":{"rendered":"<p>[et_pb_section admin_label=\u00a0\u00bbSection\u00a0\u00bb fullwidth=\u00a0\u00bbon\u00a0\u00bb specialty=\u00a0\u00bboff\u00a0\u00bb transparent_background=\u00a0\u00bboff\u00a0\u00bb allow_player_pause=\u00a0\u00bboff\u00a0\u00bb inner_shadow=\u00a0\u00bboff\u00a0\u00bb parallax=\u00a0\u00bbon\u00a0\u00bb parallax_method=\u00a0\u00bboff\u00a0\u00bb padding_mobile=\u00a0\u00bboff\u00a0\u00bb make_fullwidth=\u00a0\u00bboff\u00a0\u00bb use_custom_width=\u00a0\u00bboff\u00a0\u00bb width_unit=\u00a0\u00bbon\u00a0\u00bb make_equal=\u00a0\u00bboff\u00a0\u00bb use_custom_gutter=\u00a0\u00bboff\u00a0\u00bb custom_css_main_element=\u00a0\u00bbheight:150px\u00a0\u00bb background_image=\u00a0\u00bbhttp:\/\/www.egimer.fr\/wp-content\/uploads\/2015\/12\/mer.jpg\u00a0\u00bb][\/et_pb_section][et_pb_section admin_label=\u00a0\u00bbsection\u00a0\u00bb][et_pb_row admin_label=\u00a0\u00bbLigne\u00a0\u00bb][et_pb_column type=\u00a0\u00bb4_4&Prime;][et_pb_text admin_label=\u00a0\u00bbTexte\u00a0\u00bb background_layout=\u00a0\u00bblight\u00a0\u00bb text_orientation=\u00a0\u00bbleft\u00a0\u00bb use_border_color=\u00a0\u00bboff\u00a0\u00bb border_color=\u00a0\u00bb#ffffff\u00a0\u00bb border_style=\u00a0\u00bbsolid\u00a0\u00bb]<\/p>\n<h1>Notre engagement : une logistique raisonn\u00e9e.<\/h1>\n<p>[\/et_pb_text][\/et_pb_column][\/et_pb_row][et_pb_row admin_label=\u00a0\u00bbrow\u00a0\u00bb][et_pb_column type=\u00a0\u00bb1_2&Prime;][et_pb_text admin_label=\u00a0\u00bbTexte\u00a0\u00bb background_layout=\u00a0\u00bblight\u00a0\u00bb text_orientation=\u00a0\u00bbleft\u00a0\u00bb use_border_color=\u00a0\u00bboff\u00a0\u00bb border_color=\u00a0\u00bb#ffffff\u00a0\u00bb border_style=\u00a0\u00bbsolid\u00a0\u00bb]<\/p>\n<h1><\/h1>\n<p style=\"text-align: justify;\">Nous poss\u00e9dons notre propre <strong>entreprise de transport<\/strong> ce qui nous permet d\u2019<strong>optimiser notre logistique <\/strong>en fonction <strong>de vos besoins<\/strong> et de <strong>vos\u00a0requ\u00eates<\/strong>. Cette volont\u00e9 d\u2019assurer le transport est un <strong>gage de qualit\u00e9<\/strong>\u00a0et nous permet de\u00a0<b>ma\u00eetriser<\/b>\u00a0l\u2019ensemble de la cha\u00eene logistique\u00a0pour<strong> gagner en co\u00fbts, en r\u00e9activit\u00e9, en fra\u00eecheur et diminuer notre empreinte carbone<\/strong><\/p>\n<ul style=\"text-align: justify;\">\n<li><strong>Formation \u00e9co-conduite<\/strong>: nos chauffeurs sont form\u00e9s \u00e0 l\u2019\u00e9co-conduite. Cette formation leur permet d\u2019adopter une <strong>conduite \u00e9conomique et durable<\/strong> dans le but notamment de diminuer l\u2019impact sur l\u2019environnement.<\/li>\n<li><strong>G\u00e9olocalisation des camions\u00a0<\/strong>: le syst\u00e8me de g\u00e9olocalisation des v\u00e9hicules de livraison nous permet d&rsquo;obtenir en temps r\u00e9el, la position de nos chauffeurs pour <strong>r\u00e9pondre au plus vite \u00e0 vos demandes<\/strong>. \u00a0Ce syst\u00e8me permet \u00e9galement d\u2019<strong>organiser au mieux les tourn\u00e9es<\/strong> en fonction des donn\u00e9es statistiques d\u00e9livr\u00e9es et de <strong>suivre la mise en place de l&rsquo;\u00e9co- conduite<\/strong> aupr\u00e8s des chauffeurs.<\/li>\n<li><strong>Syst\u00e8me Ad\u2019Blue\u00a0: <\/strong>Ce syst\u00e8me consiste \u00e0 <strong>convertir 85% des oxydes d\u2019azote<\/strong> contenus dans les gaz d\u2019\u00e9chappement<strong>, en azote et en vapeur d\u2019eau<\/strong>\u00a0et\u00a0<strong>diminuer\u00a0<\/strong>par cons\u00e9quent <strong>les \u00e9missions d\u2019oxydes d\u2019azote<\/strong>.<\/li>\n<\/ul>\n<p style=\"text-align: justify;\">Nous recommandons aux \u00e9tablissements d\u2019\u00e9mettre leur commande le plus t\u00f4t possible afin d\u2019<strong>optimiser les circuits de livraison<\/strong>, de <strong>limiter<\/strong> le nombre de livraison et d\u2019<strong>\u00e9largir <\/strong>le plus possible <strong>les plages horaires\u00a0<\/strong>dans la journ\u00e9e de fa\u00e7on \u00e0 <strong>fluidifier la circulation<\/strong> dans les agglom\u00e9rations.<\/p>\n<p style=\"text-align: justify;\"><strong>Contribuer \u00e0 la pr\u00e9servation de la plan\u00e8te en r\u00e9duisant nos \u00e9missions de gaz \u00e0 effet de serre est l\u2019un de nos objectifs.<\/strong><\/p>\n<p>[\/et_pb_text][\/et_pb_column][et_pb_column type=\u00a0\u00bb1_2&Prime;][et_pb_image admin_label=\u00a0\u00bbImage\u00a0\u00bb src=\u00a0\u00bbhttp:\/\/www.egimer.fr\/wp-content\/uploads\/2015\/12\/dessin-achategimer3.jpg\u00a0\u00bb alt=\u00a0\u00bbLogistique Egimer\u00a0\u00bb title_text=\u00a0\u00bbLogistique Egimer\u00a0\u00bb show_in_lightbox=\u00a0\u00bboff\u00a0\u00bb url_new_window=\u00a0\u00bboff\u00a0\u00bb animation=\u00a0\u00bboff\u00a0\u00bb sticky=\u00a0\u00bboff\u00a0\u00bb align=\u00a0\u00bbleft\u00a0\u00bb force_fullwidth=\u00a0\u00bboff\u00a0\u00bb always_center_on_mobile=\u00a0\u00bbon\u00a0\u00bb use_border_color=\u00a0\u00bboff\u00a0\u00bb border_color=\u00a0\u00bb#ffffff\u00a0\u00bb border_style=\u00a0\u00bbsolid\u00a0\u00bb] [\/et_pb_image][\/et_pb_column][\/et_pb_row][\/et_pb_section][et_pb_section admin_label=\u00a0\u00bbSection\u00a0\u00bb fullwidth=\u00a0\u00bbon\u00a0\u00bb specialty=\u00a0\u00bboff\u00a0\u00bb transparent_background=\u00a0\u00bboff\u00a0\u00bb allow_player_pause=\u00a0\u00bboff\u00a0\u00bb inner_shadow=\u00a0\u00bboff\u00a0\u00bb parallax=\u00a0\u00bbon\u00a0\u00bb parallax_method=\u00a0\u00bboff\u00a0\u00bb padding_mobile=\u00a0\u00bboff\u00a0\u00bb make_fullwidth=\u00a0\u00bboff\u00a0\u00bb use_custom_width=\u00a0\u00bboff\u00a0\u00bb width_unit=\u00a0\u00bbon\u00a0\u00bb make_equal=\u00a0\u00bboff\u00a0\u00bb use_custom_gutter=\u00a0\u00bboff\u00a0\u00bb custom_css_main_element=\u00a0\u00bbheight:150px\u00a0\u00bb background_image=\u00a0\u00bbhttp:\/\/www.egimer.fr\/wp-content\/uploads\/2015\/12\/mer.jpg\u00a0\u00bb][\/et_pb_section]<\/p>\n","protected":false},"excerpt":{"rendered":"<p>[et_pb_section admin_label=\u00a0\u00bbSection\u00a0\u00bb fullwidth=\u00a0\u00bbon\u00a0\u00bb specialty=\u00a0\u00bboff\u00a0\u00bb transparent_background=\u00a0\u00bboff\u00a0\u00bb allow_player_pause=\u00a0\u00bboff\u00a0\u00bb inner_shadow=\u00a0\u00bboff\u00a0\u00bb parallax=\u00a0\u00bbon\u00a0\u00bb parallax_method=\u00a0\u00bboff\u00a0\u00bb padding_mobile=\u00a0\u00bboff\u00a0\u00bb make_fullwidth=\u00a0\u00bboff\u00a0\u00bb use_custom_width=\u00a0\u00bboff\u00a0\u00bb width_unit=\u00a0\u00bbon\u00a0\u00bb make_equal=\u00a0\u00bboff\u00a0\u00bb use_custom_gutter=\u00a0\u00bboff\u00a0\u00bb custom_css_main_element=\u00a0\u00bbheight:150px\u00a0\u00bb background_image=\u00a0\u00bbhttp:\/\/www.egimer.fr\/wp-content\/uploads\/2015\/12\/mer.jpg\u00a0\u00bb][\/et_pb_section][et_pb_section admin_label=\u00a0\u00bbsection\u00a0\u00bb][et_pb_row admin_label=\u00a0\u00bbLigne\u00a0\u00bb][et_pb_column type=\u00a0\u00bb4_4&Prime;][et_pb_text admin_label=\u00a0\u00bbTexte\u00a0\u00bb background_layout=\u00a0\u00bblight\u00a0\u00bb text_orientation=\u00a0\u00bbleft\u00a0\u00bb use_border_color=\u00a0\u00bboff\u00a0\u00bb border_color=\u00a0\u00bb#ffffff\u00a0\u00bb border_style=\u00a0\u00bbsolid\u00a0\u00bb] Notre engagement : une logistique raisonn\u00e9e. [\/et_pb_text][\/et_pb_column][\/et_pb_row][et_pb_row admin_label=\u00a0\u00bbrow\u00a0\u00bb][et_pb_column type=\u00a0\u00bb1_2&Prime;][et_pb_text admin_label=\u00a0\u00bbTexte\u00a0\u00bb background_layout=\u00a0\u00bblight\u00a0\u00bb text_orientation=\u00a0\u00bbleft\u00a0\u00bb use_border_color=\u00a0\u00bboff\u00a0\u00bb border_color=\u00a0\u00bb#ffffff\u00a0\u00bb border_style=\u00a0\u00bbsolid\u00a0\u00bb] Nous poss\u00e9dons notre propre entreprise de transport ce qui nous permet d\u2019optimiser notre logistique [&hellip;]<\/p>\n","protected":false},"author":1,"featured_media":0,"parent":0,"menu_order":0,"comment_status":"closed","ping_status":"closed","template":"","meta":[],"yoast_head":"<!-- This site is optimized with the Yoast SEO plugin v18.6 - https:\/\/yoast.com\/wordpress\/plugins\/seo\/ -->\n<title>Logistique raisonn\u00e9e | Egimer - Au c\u0153ur du frais - Egimer<\/title>\n<meta name=\"description\" content=\"D\u00e9couvrez notre d\u00e9marche logistique raisonn\u00e9e pour un produit plus frais, plus abordable, \u00e0 l\u2019empreinte carbone r\u00e9duite. Egimer, au c\u0153ur du frais !\" \/>\n<meta name=\"robots\" content=\"index, follow, max-snippet:-1, max-image-preview:large, max-video-preview:-1\" \/>\n<link rel=\"canonical\" href=\"https:\/\/www.egimer.fr\/index.php\/logistique-raisonnee\/\" \/>\n<meta property=\"og:locale\" content=\"fr_FR\" \/>\n<meta property=\"og:type\" content=\"article\" \/>\n<meta property=\"og:title\" content=\"Logistique raisonn\u00e9e | Egimer - Au c\u0153ur du frais - Egimer\" \/>\n<meta property=\"og:description\" content=\"D\u00e9couvrez notre d\u00e9marche logistique raisonn\u00e9e pour un produit plus frais, plus abordable, \u00e0 l\u2019empreinte carbone r\u00e9duite. Egimer, au c\u0153ur du frais !\" \/>\n<meta property=\"og:url\" content=\"https:\/\/www.egimer.fr\/index.php\/logistique-raisonnee\/\" \/>\n<meta property=\"og:site_name\" content=\"Egimer\" \/>\n<meta property=\"article:modified_time\" content=\"2016-06-15T09:37:21+00:00\" \/>\n<meta name=\"twitter:card\" content=\"summary\" \/>\n<meta name=\"twitter:label1\" content=\"Dur\u00e9e de lecture estim\u00e9e\" \/>\n\t<meta name=\"twitter:data1\" content=\"3 minutes\" \/>\n<script type=\"application\/ld+json\" class=\"yoast-schema-graph\">{\"@context\":\"https:\/\/schema.org\",\"@graph\":[{\"@type\":\"WebSite\",\"@id\":\"https:\/\/www.egimer.fr\/#website\",\"url\":\"https:\/\/www.egimer.fr\/\",\"name\":\"Egimer\",\"description\":\"Au coeur du frais\",\"potentialAction\":[{\"@type\":\"SearchAction\",\"target\":{\"@type\":\"EntryPoint\",\"urlTemplate\":\"https:\/\/www.egimer.fr\/?s={search_term_string}\"},\"query-input\":\"required name=search_term_string\"}],\"inLanguage\":\"fr-FR\"},{\"@type\":\"WebPage\",\"@id\":\"https:\/\/www.egimer.fr\/index.php\/logistique-raisonnee\/#webpage\",\"url\":\"https:\/\/www.egimer.fr\/index.php\/logistique-raisonnee\/\",\"name\":\"Logistique raisonn\u00e9e | Egimer - Au c\u0153ur du frais - Egimer\",\"isPartOf\":{\"@id\":\"https:\/\/www.egimer.fr\/#website\"},\"datePublished\":\"2015-12-22T13:32:40+00:00\",\"dateModified\":\"2016-06-15T09:37:21+00:00\",\"description\":\"D\u00e9couvrez notre d\u00e9marche logistique raisonn\u00e9e pour un produit plus frais, plus abordable, \u00e0 l\u2019empreinte carbone r\u00e9duite. Egimer, au c\u0153ur du frais !\",\"breadcrumb\":{\"@id\":\"https:\/\/www.egimer.fr\/index.php\/logistique-raisonnee\/#breadcrumb\"},\"inLanguage\":\"fr-FR\",\"potentialAction\":[{\"@type\":\"ReadAction\",\"target\":[\"https:\/\/www.egimer.fr\/index.php\/logistique-raisonnee\/\"]}]},{\"@type\":\"BreadcrumbList\",\"@id\":\"https:\/\/www.egimer.fr\/index.php\/logistique-raisonnee\/#breadcrumb\",\"itemListElement\":[{\"@type\":\"ListItem\",\"position\":1,\"name\":\"Accueil\",\"item\":\"https:\/\/www.egimer.fr\/\"},{\"@type\":\"ListItem\",\"position\":2,\"name\":\"Logistique raisonn\u00e9e | Egimer &#8211; Au c\u0153ur du frais\"}]}]}<\/script>\n<!-- \/ Yoast SEO plugin. -->","yoast_head_json":{"title":"Logistique raisonn\u00e9e | Egimer - Au c\u0153ur du frais - Egimer","description":"D\u00e9couvrez notre d\u00e9marche logistique raisonn\u00e9e pour un produit plus frais, plus abordable, \u00e0 l\u2019empreinte carbone r\u00e9duite. Egimer, au c\u0153ur du frais !","robots":{"index":"index","follow":"follow","max-snippet":"max-snippet:-1","max-image-preview":"max-image-preview:large","max-video-preview":"max-video-preview:-1"},"canonical":"https:\/\/www.egimer.fr\/index.php\/logistique-raisonnee\/","og_locale":"fr_FR","og_type":"article","og_title":"Logistique raisonn\u00e9e | Egimer - Au c\u0153ur du frais - Egimer","og_description":"D\u00e9couvrez notre d\u00e9marche logistique raisonn\u00e9e pour un produit plus frais, plus abordable, \u00e0 l\u2019empreinte carbone r\u00e9duite. Egimer, au c\u0153ur du frais !","og_url":"https:\/\/www.egimer.fr\/index.php\/logistique-raisonnee\/","og_site_name":"Egimer","article_modified_time":"2016-06-15T09:37:21+00:00","twitter_card":"summary","twitter_misc":{"Dur\u00e9e de lecture estim\u00e9e":"3 minutes"},"schema":{"@context":"https:\/\/schema.org","@graph":[{"@type":"WebSite","@id":"https:\/\/www.egimer.fr\/#website","url":"https:\/\/www.egimer.fr\/","name":"Egimer","description":"Au coeur du frais","potentialAction":[{"@type":"SearchAction","target":{"@type":"EntryPoint","urlTemplate":"https:\/\/www.egimer.fr\/?s={search_term_string}"},"query-input":"required name=search_term_string"}],"inLanguage":"fr-FR"},{"@type":"WebPage","@id":"https:\/\/www.egimer.fr\/index.php\/logistique-raisonnee\/#webpage","url":"https:\/\/www.egimer.fr\/index.php\/logistique-raisonnee\/","name":"Logistique raisonn\u00e9e | Egimer - Au c\u0153ur du frais - Egimer","isPartOf":{"@id":"https:\/\/www.egimer.fr\/#website"},"datePublished":"2015-12-22T13:32:40+00:00","dateModified":"2016-06-15T09:37:21+00:00","description":"D\u00e9couvrez notre d\u00e9marche logistique raisonn\u00e9e pour un produit plus frais, plus abordable, \u00e0 l\u2019empreinte carbone r\u00e9duite. Egimer, au c\u0153ur du frais !","breadcrumb":{"@id":"https:\/\/www.egimer.fr\/index.php\/logistique-raisonnee\/#breadcrumb"},"inLanguage":"fr-FR","potentialAction":[{"@type":"ReadAction","target":["https:\/\/www.egimer.fr\/index.php\/logistique-raisonnee\/"]}]},{"@type":"BreadcrumbList","@id":"https:\/\/www.egimer.fr\/index.php\/logistique-raisonnee\/#breadcrumb","itemListElement":[{"@type":"ListItem","position":1,"name":"Accueil","item":"https:\/\/www.egimer.fr\/"},{"@type":"ListItem","position":2,"name":"Logistique raisonn\u00e9e | Egimer &#8211; Au c\u0153ur du frais"}]}]}},"_links":{"self":[{"href":"https:\/\/www.egimer.fr\/index.php\/wp-json\/wp\/v2\/pages\/106"}],"collection":[{"href":"https:\/\/www.egimer.fr\/index.php\/wp-json\/wp\/v2\/pages"}],"about":[{"href":"https:\/\/www.egimer.fr\/index.php\/wp-json\/wp\/v2\/types\/page"}],"author":[{"embeddable":true,"href":"https:\/\/www.egimer.fr\/index.php\/wp-json\/wp\/v2\/users\/1"}],"replies":[{"embeddable":true,"href":"https:\/\/www.egimer.fr\/index.php\/wp-json\/wp\/v2\/comments?post=106"}],"version-history":[{"count":8,"href":"https:\/\/www.egimer.fr\/index.php\/wp-json\/wp\/v2\/pages\/106\/revisions"}],"predecessor-version":[{"id":337,"href":"https:\/\/www.egimer.fr\/index.php\/wp-json\/wp\/v2\/pages\/106\/revisions\/337"}],"wp:attachment":[{"href":"https:\/\/www.egimer.fr\/index.php\/wp-json\/wp\/v2\/media?parent=106"}],"curies":[{"name":"wp","href":"https:\/\/api.w.org\/{rel}","templated":true}]}}