{"id":104,"date":"2015-12-22T14:30:57","date_gmt":"2015-12-22T13:30:57","guid":{"rendered":"http:\/\/www.egimer.fr\/?page_id=104"},"modified":"2016-06-15T10:32:53","modified_gmt":"2016-06-15T09:32:53","slug":"engagement-approvisionnement","status":"publish","type":"page","link":"http:\/\/www.egimer.fr\/index.php\/engagement-approvisionnement\/","title":{"rendered":"Engagement &#8211; Approvisionnement"},"content":{"rendered":"<p>[et_pb_section admin_label=\u00a0\u00bbSection\u00a0\u00bb fullwidth=\u00a0\u00bbon\u00a0\u00bb specialty=\u00a0\u00bboff\u00a0\u00bb background_image=\u00a0\u00bbhttp:\/\/www.egimer.fr\/wp-content\/uploads\/2015\/12\/accompagnement1.jpg\u00a0\u00bb transparent_background=\u00a0\u00bboff\u00a0\u00bb allow_player_pause=\u00a0\u00bboff\u00a0\u00bb inner_shadow=\u00a0\u00bboff\u00a0\u00bb parallax=\u00a0\u00bbon\u00a0\u00bb parallax_method=\u00a0\u00bboff\u00a0\u00bb padding_mobile=\u00a0\u00bboff\u00a0\u00bb make_fullwidth=\u00a0\u00bboff\u00a0\u00bb use_custom_width=\u00a0\u00bboff\u00a0\u00bb width_unit=\u00a0\u00bbon\u00a0\u00bb make_equal=\u00a0\u00bboff\u00a0\u00bb use_custom_gutter=\u00a0\u00bboff\u00a0\u00bb custom_css_main_element=\u00a0\u00bbheight:150px\u00a0\u00bb][\/et_pb_section][et_pb_section admin_label=\u00a0\u00bbSection\u00a0\u00bb fullwidth=\u00a0\u00bboff\u00a0\u00bb specialty=\u00a0\u00bboff\u00a0\u00bb][et_pb_row admin_label=\u00a0\u00bbLigne\u00a0\u00bb][et_pb_column type=\u00a0\u00bb2_3&Prime;][et_pb_text admin_label=\u00a0\u00bbTexte\u00a0\u00bb background_layout=\u00a0\u00bblight\u00a0\u00bb text_orientation=\u00a0\u00bbleft\u00a0\u00bb use_border_color=\u00a0\u00bboff\u00a0\u00bb border_color=\u00a0\u00bb#ffffff\u00a0\u00bb border_style=\u00a0\u00bbsolid\u00a0\u00bb]<\/p>\n<h1><strong>Un approvisionnement durable<\/strong><\/h1>\n<p>[\/et_pb_text][et_pb_text admin_label=\u00a0\u00bbTexte\u00a0\u00bb background_layout=\u00a0\u00bblight\u00a0\u00bb text_orientation=\u00a0\u00bbleft\u00a0\u00bb use_border_color=\u00a0\u00bboff\u00a0\u00bb border_color=\u00a0\u00bb#ffffff\u00a0\u00bb border_style=\u00a0\u00bbsolid\u00a0\u00bb]<\/p>\n<h2 style=\"text-align: justify;\">Approvisionnement aupr\u00e8s des\u00a0cri\u00e9es<\/h2>\n<p style=\"text-align: justify;\">Nous privil\u00e9gions les <strong>achats en cri\u00e9es<\/strong> au quotidien lors de nos achats. En effet, nous travaillons en partenariat avec 4 cri\u00e9es\u00a0: St Gilles, Les Sables d\u2019Olonne, La Cotini\u00e8re et La Rochelle. Cela nous permet d\u2019obtenir un prix plus attractif pour satisfaire votre demande tout en ayant une qualit\u00e9 et une fra\u00eecheur in\u00e9galable.<\/p>\n<h2 style=\"text-align: justify;\">Achats nationaux en direct aupr\u00e8s des\u00a0mareyeurs<\/h2>\n<p style=\"text-align: justify;\">Pour r\u00e9pondre \u00e0 vos besoin et selon la disponibilit\u00e9 et les cours des cri\u00e9es, nous travaillons \u00e9galement avec d\u2019importants <strong>acteurs fran\u00e7ais<\/strong>. Les achats sont effectu\u00e9s chaque matin par 3 acheteurs. Cela apporte une <strong>massification<\/strong>, un <strong>suivi de gamme<\/strong> et un <strong>suivi qualitatif<\/strong> de nos achats. Nous construisons ainsi un <strong>partenariat fort<\/strong> avec nos fournisseurs des <strong>c\u00f4tes fran\u00e7aises<\/strong> mais aussi d\u2019<strong>Ecosse<\/strong> et de <strong>Norv\u00e8ge<\/strong>.<\/p>\n<h2 style=\"text-align: justify;\">Achats via le bureau d\u2019achat Creno<\/h2>\n<p style=\"text-align: justify;\">Nous b\u00e9n\u00e9ficions, par notre adh\u00e9sion \u00e0 Creno, d\u2019un bureau d\u2019achat situ\u00e9 \u00e0 Boulogne sur Mer. Celui-ci nous permet de massifier nos achats avec les diff\u00e9rents adh\u00e9rents et ainsi vous proposer un prix comp\u00e9titif.<\/p>\n<h2 style=\"text-align: justify;\">Achats aupr\u00e8s d\u2019importateurs<\/h2>\n<p style=\"text-align: justify;\">Enfin, et pour r\u00e9pondre \u00e0 certaines demandes, nous travaillons aupr\u00e8s d\u2019importateurs (Hollande, Ecosse, Espagne) pour nous approvisionner dans de forts volumes \u00e0 un prix int\u00e9ressant.<\/p>\n<p>[\/et_pb_text][\/et_pb_column][et_pb_column type=\u00a0\u00bb1_3&Prime;][et_pb_text admin_label=\u00a0\u00bbTexte\u00a0\u00bb background_layout=\u00a0\u00bbdark\u00a0\u00bb text_orientation=\u00a0\u00bbleft\u00a0\u00bb use_border_color=\u00a0\u00bbon\u00a0\u00bb border_color=\u00a0\u00bb#00bef3&Prime; border_style=\u00a0\u00bbsolid\u00a0\u00bb background_color=\u00a0\u00bb#00bef3&Prime; border_width=\u00a0\u00bb10px\u00a0\u00bb custom_padding=\u00a0\u00bb10px|15px|10px|15px\u00a0\u00bb]<\/p>\n<p>Investi dans une d\u00e9marche d\u2019approvisionnement r\u00e9gional et de la p\u00eache raisonn\u00e9e via son adh\u00e9sion \u00e0 la SCIC Fili\u00e8re P\u00eache La Rochelle, l\u2019engagement BONNE PECHE s\u2019est impos\u00e9 comme une \u00e9vidence pour la soci\u00e9t\u00e9 EGIMER.<\/p>\n<p><a href=\"http:\/\/www.egimer.fr\/wp-content\/uploads\/2015\/12\/logo_bonnepeche.png\"><img loading=\"lazy\" class=\"size-full wp-image-334 aligncenter\" src=\"http:\/\/www.egimer.fr\/wp-content\/uploads\/2015\/12\/logo_bonnepeche.png\" alt=\"logo_bonnepeche\" width=\"136\" height=\"135\" \/><\/a><\/p>\n<p>Nous approvisionner en local est avant tout pour nous un moyen de garantir toujours plus la qualit\u00e9, la fra\u00eecheur et la tra\u00e7abilit\u00e9. Nous r\u00e9pondons ainsi \u00e0 une demande croissante des consommateurs tout en dynamisant notre \u00e9conomie locale. En effet, cette d\u00e9marche s\u2019inscrit dans notre volont\u00e9 de mettre en avant et d\u2019optimiser au mieux notre emplacement dans le bassin Rochelais et Royannais, \u00e0 proximit\u00e9 des principales cri\u00e9es de l\u2019Ouest de la France.<\/p>\n<p>En d\u00e9cidant de nous approvisionner en local, nous veillons au maintien des producteurs\/p\u00eacheurs au port de p\u00eache de La Rochelle et ainsi au d\u00e9veloppement local.<a href=\"http:\/\/www.egimer.fr\/wp-content\/uploads\/2015\/12\/logo_bonnepeche.jpg\"><br \/>\n<\/a><\/p>\n<p>[\/et_pb_text][\/et_pb_column][\/et_pb_row][\/et_pb_section][et_pb_section admin_label=\u00a0\u00bbSection\u00a0\u00bb fullwidth=\u00a0\u00bbon\u00a0\u00bb specialty=\u00a0\u00bboff\u00a0\u00bb background_image=\u00a0\u00bbhttp:\/\/www.egimer.fr\/wp-content\/uploads\/2015\/12\/accompagnement.jpg\u00a0\u00bb transparent_background=\u00a0\u00bboff\u00a0\u00bb allow_player_pause=\u00a0\u00bboff\u00a0\u00bb inner_shadow=\u00a0\u00bboff\u00a0\u00bb parallax=\u00a0\u00bbon\u00a0\u00bb parallax_method=\u00a0\u00bboff\u00a0\u00bb padding_mobile=\u00a0\u00bboff\u00a0\u00bb make_fullwidth=\u00a0\u00bboff\u00a0\u00bb use_custom_width=\u00a0\u00bboff\u00a0\u00bb width_unit=\u00a0\u00bbon\u00a0\u00bb make_equal=\u00a0\u00bboff\u00a0\u00bb use_custom_gutter=\u00a0\u00bboff\u00a0\u00bb custom_css_main_element=\u00a0\u00bbheight:150px\u00a0\u00bb][\/et_pb_section][et_pb_section admin_label=\u00a0\u00bbSection\u00a0\u00bb fullwidth=\u00a0\u00bboff\u00a0\u00bb specialty=\u00a0\u00bboff\u00a0\u00bb][et_pb_row admin_label=\u00a0\u00bbLigne\u00a0\u00bb][et_pb_column type=\u00a0\u00bb1_4&Prime;][et_pb_image admin_label=\u00a0\u00bbImage\u00a0\u00bb src=\u00a0\u00bbhttp:\/\/www.egimer.fr\/wp-content\/uploads\/2015\/12\/BONNEPECHE.jpg\u00a0\u00bb alt=\u00a0\u00bbBonne p\u00eache, soutenons la p\u00eache Fran\u00e7aise !\u00a0\u00bb title_text=\u00a0\u00bbBonne p\u00eache, soutenons la p\u00eache Fran\u00e7aise !\u00a0\u00bb show_in_lightbox=\u00a0\u00bboff\u00a0\u00bb url=\u00a0\u00bbhttp:\/\/www.bonnepeche.fr\u00a0\u00bb url_new_window=\u00a0\u00bboff\u00a0\u00bb animation=\u00a0\u00bboff\u00a0\u00bb sticky=\u00a0\u00bboff\u00a0\u00bb align=\u00a0\u00bbleft\u00a0\u00bb force_fullwidth=\u00a0\u00bboff\u00a0\u00bb always_center_on_mobile=\u00a0\u00bbon\u00a0\u00bb use_border_color=\u00a0\u00bboff\u00a0\u00bb border_color=\u00a0\u00bb#ffffff\u00a0\u00bb border_style=\u00a0\u00bbsolid\u00a0\u00bb max_width=\u00a0\u00bb100&Prime;] [\/et_pb_image][\/et_pb_column][et_pb_column type=\u00a0\u00bb1_4&Prime;][et_pb_image admin_label=\u00a0\u00bbImage\u00a0\u00bb src=\u00a0\u00bbhttp:\/\/www.egimer.fr\/wp-content\/uploads\/2015\/12\/bio.jpg\u00a0\u00bb alt=\u00a0\u00bbAgriculture biologique\u00a0\u00bb title_text=\u00a0\u00bbAgriculture biologique\u00a0\u00bb show_in_lightbox=\u00a0\u00bboff\u00a0\u00bb url=\u00a0\u00bbwww.agencebio.org\/\u00a0\u00bb url_new_window=\u00a0\u00bboff\u00a0\u00bb animation=\u00a0\u00bboff\u00a0\u00bb sticky=\u00a0\u00bboff\u00a0\u00bb align=\u00a0\u00bbleft\u00a0\u00bb force_fullwidth=\u00a0\u00bboff\u00a0\u00bb always_center_on_mobile=\u00a0\u00bbon\u00a0\u00bb use_border_color=\u00a0\u00bboff\u00a0\u00bb border_color=\u00a0\u00bb#ffffff\u00a0\u00bb border_style=\u00a0\u00bbsolid\u00a0\u00bb max_width=\u00a0\u00bb100&Prime;] [\/et_pb_image][\/et_pb_column][et_pb_column type=\u00a0\u00bb1_4&Prime;][et_pb_image admin_label=\u00a0\u00bbImage\u00a0\u00bb src=\u00a0\u00bbhttp:\/\/www.egimer.fr\/wp-content\/uploads\/2015\/12\/BIO-EUROPE.jpg\u00a0\u00bb alt=\u00a0\u00bbAgriculture biologique Europe\u00a0\u00bb title_text=\u00a0\u00bbAgriculture biologique Europe\u00a0\u00bb show_in_lightbox=\u00a0\u00bboff\u00a0\u00bb url=\u00a0\u00bbwww.agencebio.org\/\u00a0\u00bb url_new_window=\u00a0\u00bboff\u00a0\u00bb animation=\u00a0\u00bboff\u00a0\u00bb sticky=\u00a0\u00bboff\u00a0\u00bb align=\u00a0\u00bbleft\u00a0\u00bb force_fullwidth=\u00a0\u00bboff\u00a0\u00bb always_center_on_mobile=\u00a0\u00bbon\u00a0\u00bb use_border_color=\u00a0\u00bboff\u00a0\u00bb border_color=\u00a0\u00bb#ffffff\u00a0\u00bb border_style=\u00a0\u00bbsolid\u00a0\u00bb max_width=\u00a0\u00bb100&Prime;] [\/et_pb_image][\/et_pb_column][et_pb_column type=\u00a0\u00bb1_4&Prime;][et_pb_image admin_label=\u00a0\u00bbImage\u00a0\u00bb src=\u00a0\u00bbhttp:\/\/www.egimer.fr\/wp-content\/uploads\/2015\/12\/AFAQ.jpg\u00a0\u00bb alt=\u00a0\u00bbAFAQ ISO 9001&Prime; title_text=\u00a0\u00bbAFAQ ISO 9001&Prime; show_in_lightbox=\u00a0\u00bboff\u00a0\u00bb url=\u00a0\u00bbhttp:\/\/www.afnor.org\/\u00a0\u00bb url_new_window=\u00a0\u00bboff\u00a0\u00bb animation=\u00a0\u00bboff\u00a0\u00bb sticky=\u00a0\u00bboff\u00a0\u00bb align=\u00a0\u00bbleft\u00a0\u00bb force_fullwidth=\u00a0\u00bboff\u00a0\u00bb always_center_on_mobile=\u00a0\u00bbon\u00a0\u00bb use_border_color=\u00a0\u00bboff\u00a0\u00bb border_color=\u00a0\u00bb#ffffff\u00a0\u00bb border_style=\u00a0\u00bbsolid\u00a0\u00bb max_width=\u00a0\u00bb100&Prime;] [\/et_pb_image][\/et_pb_column][\/et_pb_row][\/et_pb_section][et_pb_section admin_label=\u00a0\u00bbSection\u00a0\u00bb fullwidth=\u00a0\u00bbon\u00a0\u00bb specialty=\u00a0\u00bboff\u00a0\u00bb background_image=\u00a0\u00bbhttp:\/\/www.egimer.fr\/wp-content\/uploads\/2015\/12\/accompagnement.jpg\u00a0\u00bb transparent_background=\u00a0\u00bboff\u00a0\u00bb allow_player_pause=\u00a0\u00bboff\u00a0\u00bb inner_shadow=\u00a0\u00bboff\u00a0\u00bb parallax=\u00a0\u00bbon\u00a0\u00bb parallax_method=\u00a0\u00bboff\u00a0\u00bb padding_mobile=\u00a0\u00bboff\u00a0\u00bb make_fullwidth=\u00a0\u00bboff\u00a0\u00bb use_custom_width=\u00a0\u00bboff\u00a0\u00bb width_unit=\u00a0\u00bbon\u00a0\u00bb make_equal=\u00a0\u00bboff\u00a0\u00bb use_custom_gutter=\u00a0\u00bboff\u00a0\u00bb custom_css_main_element=\u00a0\u00bbheight:150px\u00a0\u00bb][\/et_pb_section]<\/p>\n","protected":false},"excerpt":{"rendered":"<p>[et_pb_section admin_label=\u00a0\u00bbSection\u00a0\u00bb fullwidth=\u00a0\u00bbon\u00a0\u00bb specialty=\u00a0\u00bboff\u00a0\u00bb background_image=\u00a0\u00bbhttp:\/\/www.egimer.fr\/wp-content\/uploads\/2015\/12\/accompagnement1.jpg\u00a0\u00bb transparent_background=\u00a0\u00bboff\u00a0\u00bb allow_player_pause=\u00a0\u00bboff\u00a0\u00bb inner_shadow=\u00a0\u00bboff\u00a0\u00bb parallax=\u00a0\u00bbon\u00a0\u00bb parallax_method=\u00a0\u00bboff\u00a0\u00bb padding_mobile=\u00a0\u00bboff\u00a0\u00bb make_fullwidth=\u00a0\u00bboff\u00a0\u00bb use_custom_width=\u00a0\u00bboff\u00a0\u00bb width_unit=\u00a0\u00bbon\u00a0\u00bb make_equal=\u00a0\u00bboff\u00a0\u00bb use_custom_gutter=\u00a0\u00bboff\u00a0\u00bb custom_css_main_element=\u00a0\u00bbheight:150px\u00a0\u00bb][\/et_pb_section][et_pb_section admin_label=\u00a0\u00bbSection\u00a0\u00bb fullwidth=\u00a0\u00bboff\u00a0\u00bb specialty=\u00a0\u00bboff\u00a0\u00bb][et_pb_row admin_label=\u00a0\u00bbLigne\u00a0\u00bb][et_pb_column type=\u00a0\u00bb2_3&Prime;][et_pb_text admin_label=\u00a0\u00bbTexte\u00a0\u00bb background_layout=\u00a0\u00bblight\u00a0\u00bb text_orientation=\u00a0\u00bbleft\u00a0\u00bb use_border_color=\u00a0\u00bboff\u00a0\u00bb border_color=\u00a0\u00bb#ffffff\u00a0\u00bb border_style=\u00a0\u00bbsolid\u00a0\u00bb] Un approvisionnement durable [\/et_pb_text][et_pb_text admin_label=\u00a0\u00bbTexte\u00a0\u00bb background_layout=\u00a0\u00bblight\u00a0\u00bb text_orientation=\u00a0\u00bbleft\u00a0\u00bb use_border_color=\u00a0\u00bboff\u00a0\u00bb border_color=\u00a0\u00bb#ffffff\u00a0\u00bb border_style=\u00a0\u00bbsolid\u00a0\u00bb] Approvisionnement aupr\u00e8s des\u00a0cri\u00e9es Nous privil\u00e9gions les achats en cri\u00e9es au quotidien lors de nos achats. En effet, [&hellip;]<\/p>\n","protected":false},"author":1,"featured_media":0,"parent":0,"menu_order":0,"comment_status":"closed","ping_status":"closed","template":"","meta":[],"yoast_head":"<!-- This site is optimized with the Yoast SEO plugin v18.6 - https:\/\/yoast.com\/wordpress\/plugins\/seo\/ -->\n<title>Approvisionnement durable | Egimer - Au c\u0153ur du frais<\/title>\n<meta name=\"description\" content=\"D\u00e9couvrez notre d\u00e9marche d&#039;approvisionnement durable, des mareyeurs rigoureusement s\u00e9lectionn\u00e9s pour soutenir la P\u00eache Fran\u00e7aise.\" \/>\n<meta name=\"robots\" content=\"index, follow, max-snippet:-1, max-image-preview:large, max-video-preview:-1\" \/>\n<link rel=\"canonical\" href=\"http:\/\/www.egimer.fr\/index.php\/engagement-approvisionnement\/\" \/>\n<meta property=\"og:locale\" content=\"fr_FR\" \/>\n<meta property=\"og:type\" content=\"article\" \/>\n<meta property=\"og:title\" content=\"Approvisionnement durable | Egimer - Au c\u0153ur du frais\" \/>\n<meta property=\"og:description\" content=\"D\u00e9couvrez notre d\u00e9marche d&#039;approvisionnement durable, des mareyeurs rigoureusement s\u00e9lectionn\u00e9s pour soutenir la P\u00eache Fran\u00e7aise.\" \/>\n<meta property=\"og:url\" content=\"http:\/\/www.egimer.fr\/index.php\/engagement-approvisionnement\/\" \/>\n<meta property=\"og:site_name\" content=\"Egimer\" \/>\n<meta property=\"article:modified_time\" content=\"2016-06-15T09:32:53+00:00\" \/>\n<meta property=\"og:image\" content=\"http:\/\/www.egimer.fr\/wp-content\/uploads\/2015\/12\/logo_bonnepeche.png\" \/>\n<meta name=\"twitter:card\" content=\"summary\" \/>\n<meta name=\"twitter:label1\" content=\"Dur\u00e9e de lecture estim\u00e9e\" \/>\n\t<meta name=\"twitter:data1\" content=\"5 minutes\" \/>\n<script type=\"application\/ld+json\" class=\"yoast-schema-graph\">{\"@context\":\"https:\/\/schema.org\",\"@graph\":[{\"@type\":\"WebSite\",\"@id\":\"http:\/\/www.egimer.fr\/#website\",\"url\":\"http:\/\/www.egimer.fr\/\",\"name\":\"Egimer\",\"description\":\"Au coeur du frais\",\"potentialAction\":[{\"@type\":\"SearchAction\",\"target\":{\"@type\":\"EntryPoint\",\"urlTemplate\":\"http:\/\/www.egimer.fr\/?s={search_term_string}\"},\"query-input\":\"required name=search_term_string\"}],\"inLanguage\":\"fr-FR\"},{\"@type\":\"ImageObject\",\"@id\":\"http:\/\/www.egimer.fr\/index.php\/engagement-approvisionnement\/#primaryimage\",\"inLanguage\":\"fr-FR\",\"url\":\"http:\/\/www.egimer.fr\/wp-content\/uploads\/2015\/12\/logo_bonnepeche.png\",\"contentUrl\":\"http:\/\/www.egimer.fr\/wp-content\/uploads\/2015\/12\/logo_bonnepeche.png\",\"width\":136,\"height\":135},{\"@type\":\"WebPage\",\"@id\":\"http:\/\/www.egimer.fr\/index.php\/engagement-approvisionnement\/#webpage\",\"url\":\"http:\/\/www.egimer.fr\/index.php\/engagement-approvisionnement\/\",\"name\":\"Approvisionnement durable | Egimer - Au c\u0153ur du frais\",\"isPartOf\":{\"@id\":\"http:\/\/www.egimer.fr\/#website\"},\"primaryImageOfPage\":{\"@id\":\"http:\/\/www.egimer.fr\/index.php\/engagement-approvisionnement\/#primaryimage\"},\"datePublished\":\"2015-12-22T13:30:57+00:00\",\"dateModified\":\"2016-06-15T09:32:53+00:00\",\"description\":\"D\u00e9couvrez notre d\u00e9marche d'approvisionnement durable, des mareyeurs rigoureusement s\u00e9lectionn\u00e9s pour soutenir la P\u00eache Fran\u00e7aise.\",\"breadcrumb\":{\"@id\":\"http:\/\/www.egimer.fr\/index.php\/engagement-approvisionnement\/#breadcrumb\"},\"inLanguage\":\"fr-FR\",\"potentialAction\":[{\"@type\":\"ReadAction\",\"target\":[\"http:\/\/www.egimer.fr\/index.php\/engagement-approvisionnement\/\"]}]},{\"@type\":\"BreadcrumbList\",\"@id\":\"http:\/\/www.egimer.fr\/index.php\/engagement-approvisionnement\/#breadcrumb\",\"itemListElement\":[{\"@type\":\"ListItem\",\"position\":1,\"name\":\"Accueil\",\"item\":\"http:\/\/www.egimer.fr\/\"},{\"@type\":\"ListItem\",\"position\":2,\"name\":\"Engagement &#8211; Approvisionnement\"}]}]}<\/script>\n<!-- \/ Yoast SEO plugin. -->","yoast_head_json":{"title":"Approvisionnement durable | Egimer - Au c\u0153ur du frais","description":"D\u00e9couvrez notre d\u00e9marche d'approvisionnement durable, des mareyeurs rigoureusement s\u00e9lectionn\u00e9s pour soutenir la P\u00eache Fran\u00e7aise.","robots":{"index":"index","follow":"follow","max-snippet":"max-snippet:-1","max-image-preview":"max-image-preview:large","max-video-preview":"max-video-preview:-1"},"canonical":"http:\/\/www.egimer.fr\/index.php\/engagement-approvisionnement\/","og_locale":"fr_FR","og_type":"article","og_title":"Approvisionnement durable | Egimer - Au c\u0153ur du frais","og_description":"D\u00e9couvrez notre d\u00e9marche d'approvisionnement durable, des mareyeurs rigoureusement s\u00e9lectionn\u00e9s pour soutenir la P\u00eache Fran\u00e7aise.","og_url":"http:\/\/www.egimer.fr\/index.php\/engagement-approvisionnement\/","og_site_name":"Egimer","article_modified_time":"2016-06-15T09:32:53+00:00","og_image":[{"url":"http:\/\/www.egimer.fr\/wp-content\/uploads\/2015\/12\/logo_bonnepeche.png"}],"twitter_card":"summary","twitter_misc":{"Dur\u00e9e de lecture estim\u00e9e":"5 minutes"},"schema":{"@context":"https:\/\/schema.org","@graph":[{"@type":"WebSite","@id":"http:\/\/www.egimer.fr\/#website","url":"http:\/\/www.egimer.fr\/","name":"Egimer","description":"Au coeur du frais","potentialAction":[{"@type":"SearchAction","target":{"@type":"EntryPoint","urlTemplate":"http:\/\/www.egimer.fr\/?s={search_term_string}"},"query-input":"required name=search_term_string"}],"inLanguage":"fr-FR"},{"@type":"ImageObject","@id":"http:\/\/www.egimer.fr\/index.php\/engagement-approvisionnement\/#primaryimage","inLanguage":"fr-FR","url":"http:\/\/www.egimer.fr\/wp-content\/uploads\/2015\/12\/logo_bonnepeche.png","contentUrl":"http:\/\/www.egimer.fr\/wp-content\/uploads\/2015\/12\/logo_bonnepeche.png","width":136,"height":135},{"@type":"WebPage","@id":"http:\/\/www.egimer.fr\/index.php\/engagement-approvisionnement\/#webpage","url":"http:\/\/www.egimer.fr\/index.php\/engagement-approvisionnement\/","name":"Approvisionnement durable | Egimer - Au c\u0153ur du frais","isPartOf":{"@id":"http:\/\/www.egimer.fr\/#website"},"primaryImageOfPage":{"@id":"http:\/\/www.egimer.fr\/index.php\/engagement-approvisionnement\/#primaryimage"},"datePublished":"2015-12-22T13:30:57+00:00","dateModified":"2016-06-15T09:32:53+00:00","description":"D\u00e9couvrez notre d\u00e9marche d'approvisionnement durable, des mareyeurs rigoureusement s\u00e9lectionn\u00e9s pour soutenir la P\u00eache Fran\u00e7aise.","breadcrumb":{"@id":"http:\/\/www.egimer.fr\/index.php\/engagement-approvisionnement\/#breadcrumb"},"inLanguage":"fr-FR","potentialAction":[{"@type":"ReadAction","target":["http:\/\/www.egimer.fr\/index.php\/engagement-approvisionnement\/"]}]},{"@type":"BreadcrumbList","@id":"http:\/\/www.egimer.fr\/index.php\/engagement-approvisionnement\/#breadcrumb","itemListElement":[{"@type":"ListItem","position":1,"name":"Accueil","item":"http:\/\/www.egimer.fr\/"},{"@type":"ListItem","position":2,"name":"Engagement &#8211; Approvisionnement"}]}]}},"_links":{"self":[{"href":"http:\/\/www.egimer.fr\/index.php\/wp-json\/wp\/v2\/pages\/104"}],"collection":[{"href":"http:\/\/www.egimer.fr\/index.php\/wp-json\/wp\/v2\/pages"}],"about":[{"href":"http:\/\/www.egimer.fr\/index.php\/wp-json\/wp\/v2\/types\/page"}],"author":[{"embeddable":true,"href":"http:\/\/www.egimer.fr\/index.php\/wp-json\/wp\/v2\/users\/1"}],"replies":[{"embeddable":true,"href":"http:\/\/www.egimer.fr\/index.php\/wp-json\/wp\/v2\/comments?post=104"}],"version-history":[{"count":14,"href":"http:\/\/www.egimer.fr\/index.php\/wp-json\/wp\/v2\/pages\/104\/revisions"}],"predecessor-version":[{"id":336,"href":"http:\/\/www.egimer.fr\/index.php\/wp-json\/wp\/v2\/pages\/104\/revisions\/336"}],"wp:attachment":[{"href":"http:\/\/www.egimer.fr\/index.php\/wp-json\/wp\/v2\/media?parent=104"}],"curies":[{"name":"wp","href":"https:\/\/api.w.org\/{rel}","templated":true}]}}